{"id":60660,"date":"2021-02-16T10:55:54","date_gmt":"2021-02-16T08:55:54","guid":{"rendered":"https:\/\/dev.tactic.net\/tuote\/rita-gissa-reseversion\/"},"modified":"2023-10-06T16:38:43","modified_gmt":"2023-10-06T13:38:43","slug":"rita-gissa-reseversion","status":"publish","type":"product","link":"https:\/\/games.tactic.net\/sv\/tuote\/rita-gissa-reseversion\/","title":{"rendered":"Tactic Rita och Gissa Original resespel"},"content":{"rendered":"<p>En resespelversion av det roliga spelet d\u00e4r var och en ritar turvis bilder ur olika kategorier. Det finns sex olika kategorier i spelet och timglaset anger hur l\u00e4nge man f\u00e5r rita. Rita och gissa \u00e4r ett spel f\u00f6r hela familjen som man kan spela individuellt eller i lag.<\/p>\n","protected":false},"excerpt":{"rendered":"<p>En resespelversion av det roliga spelet d\u00e4r var och en ritar turvis bilder ur olika kategorier. Det finns sex olika kategorier i spelet och timglaset anger hur l\u00e4nge man f\u00e5r rita. Rita och gissa \u00e4r ett spel f\u00f6r hela familjen som man kan spela individuellt eller i lag.<\/p>\n","protected":false},"featured_media":0,"template":"","meta":{"content-type":"","_monsterinsights_skip_tracking":false,"_monsterinsights_sitenote_active":false,"_monsterinsights_sitenote_note":"","_monsterinsights_sitenote_category":0},"product_brand":[],"product_cat":[813],"product_tag":[],"brand":[],"target-group":[],"discontinued":[],"class_list":{"0":"post-60660","1":"product","2":"type-product","3":"status-publish","5":"product_cat-resespel","7":"first","8":"instock","9":"taxable","10":"shipping-taxable","11":"product-type-simple"},"aioseo_notices":[],"_links":{"self":[{"href":"https:\/\/games.tactic.net\/sv\/wp-json\/wp\/v2\/product\/60660","targetHints":{"allow":["GET"]}}],"collection":[{"href":"https:\/\/games.tactic.net\/sv\/wp-json\/wp\/v2\/product"}],"about":[{"href":"https:\/\/games.tactic.net\/sv\/wp-json\/wp\/v2\/types\/product"}],"wp:attachment":[{"href":"https:\/\/games.tactic.net\/sv\/wp-json\/wp\/v2\/media?parent=60660"}],"wp:term":[{"taxonomy":"product_brand","embeddable":true,"href":"https:\/\/games.tactic.net\/sv\/wp-json\/wp\/v2\/product_brand?post=60660"},{"taxonomy":"product_cat","embeddable":true,"href":"https:\/\/games.tactic.net\/sv\/wp-json\/wp\/v2\/product_cat?post=60660"},{"taxonomy":"product_tag","embeddable":true,"href":"https:\/\/games.tactic.net\/sv\/wp-json\/wp\/v2\/product_tag?post=60660"},{"taxonomy":"brand","embeddable":true,"href":"https:\/\/games.tactic.net\/sv\/wp-json\/wp\/v2\/brand?post=60660"},{"taxonomy":"target-group","embeddable":true,"href":"https:\/\/games.tactic.net\/sv\/wp-json\/wp\/v2\/target-group?post=60660"},{"taxonomy":"discontinued","embeddable":true,"href":"https:\/\/games.tactic.net\/sv\/wp-json\/wp\/v2\/discontinued?post=60660"}],"curies":[{"name":"wp","href":"https:\/\/api.w.org\/{rel}","templated":true}]}}