{"id":60645,"date":"2021-02-16T10:55:51","date_gmt":"2021-02-16T08:55:51","guid":{"rendered":"https:\/\/dev.tactic.net\/tuote\/familje-alias-reseversion\/"},"modified":"2023-10-06T16:41:33","modified_gmt":"2023-10-06T13:41:33","slug":"familje-alias-reseversion","status":"publish","type":"product","link":"https:\/\/games.tactic.net\/sv\/tuote\/familje-alias-reseversion\/","title":{"rendered":"Tactic Alias Familje resespel"},"content":{"rendered":"<p>F\u00d6RKLARA ORD MED ANDRA ORD! Det popul\u00e4ra familjespelet nu i reseversion, inneh\u00e5ller ord anpassade b\u00e5de f\u00f6r vuxna och barn s\u00e5 att man kan spela p\u00e5 samma vilkor.<\/p>\n","protected":false},"excerpt":{"rendered":"<p>F\u00d6RKLARA ORD MED ANDRA ORD! Det popul\u00e4ra familjespelet nu i reseversion, inneh\u00e5ller ord anpassade b\u00e5de f\u00f6r vuxna och barn s\u00e5 att man kan spela p\u00e5 samma vilkor.<\/p>\n","protected":false},"featured_media":0,"template":"","meta":{"content-type":"","_monsterinsights_skip_tracking":false,"_monsterinsights_sitenote_active":false,"_monsterinsights_sitenote_note":"","_monsterinsights_sitenote_category":0},"product_brand":[],"product_cat":[813],"product_tag":[959],"brand":[{"id":599,"name":"Alias","slug":"alias_se"}],"target-group":[],"discontinued":[],"class_list":{"0":"post-60645","1":"product","2":"type-product","3":"status-publish","5":"product_cat-resespel","6":"product_tag-ordforklaring","7":"brand-alias_se","9":"first","10":"instock","11":"taxable","12":"shipping-taxable","13":"product-type-simple"},"aioseo_notices":[],"_links":{"self":[{"href":"https:\/\/games.tactic.net\/sv\/wp-json\/wp\/v2\/product\/60645","targetHints":{"allow":["GET"]}}],"collection":[{"href":"https:\/\/games.tactic.net\/sv\/wp-json\/wp\/v2\/product"}],"about":[{"href":"https:\/\/games.tactic.net\/sv\/wp-json\/wp\/v2\/types\/product"}],"wp:attachment":[{"href":"https:\/\/games.tactic.net\/sv\/wp-json\/wp\/v2\/media?parent=60645"}],"wp:term":[{"taxonomy":"product_brand","embeddable":true,"href":"https:\/\/games.tactic.net\/sv\/wp-json\/wp\/v2\/product_brand?post=60645"},{"taxonomy":"product_cat","embeddable":true,"href":"https:\/\/games.tactic.net\/sv\/wp-json\/wp\/v2\/product_cat?post=60645"},{"taxonomy":"product_tag","embeddable":true,"href":"https:\/\/games.tactic.net\/sv\/wp-json\/wp\/v2\/product_tag?post=60645"},{"taxonomy":"brand","embeddable":true,"href":"https:\/\/games.tactic.net\/sv\/wp-json\/wp\/v2\/brand?post=60645"},{"taxonomy":"target-group","embeddable":true,"href":"https:\/\/games.tactic.net\/sv\/wp-json\/wp\/v2\/target-group?post=60645"},{"taxonomy":"discontinued","embeddable":true,"href":"https:\/\/games.tactic.net\/sv\/wp-json\/wp\/v2\/discontinued?post=60645"}],"curies":[{"name":"wp","href":"https:\/\/api.w.org\/{rel}","templated":true}]}}