{"id":60616,"date":"2021-02-16T10:55:47","date_gmt":"2021-02-16T08:55:47","guid":{"rendered":"https:\/\/dev.tactic.net\/tuote\/original-alias-reseversion\/"},"modified":"2023-10-06T16:38:24","modified_gmt":"2023-10-06T13:38:24","slug":"original-alias-reseversion","status":"publish","type":"product","link":"https:\/\/games.tactic.net\/sv\/tuote\/original-alias-reseversion\/","title":{"rendered":"Tactic Alias Original resespel"},"content":{"rendered":"<p>En resespelversion av det k\u00e4nda ordspelet! Alias \u00e4r ett roligt ordf\u00f6rklaringsspel f\u00f6r smarta pratkvarnar. Alias spelas i lag med minst tv\u00e5 personer i varje lag och m\u00e5let \u00e4r att f\u00e5 medspelarna att gissa s\u00e5 m\u00e5nga ord som m\u00f6jligt genom att ge dem snabba vinkar.<\/p>\n","protected":false},"excerpt":{"rendered":"<p>En resespelversion av det k\u00e4nda ordspelet! Alias \u00e4r ett roligt ordf\u00f6rklaringsspel f\u00f6r smarta pratkvarnar. Alias spelas i lag med minst tv\u00e5 personer i varje lag och m\u00e5let \u00e4r att f\u00e5 medspelarna att gissa s\u00e5 m\u00e5nga ord som m\u00f6jligt genom att ge dem snabba vinkar.<\/p>\n","protected":false},"featured_media":0,"template":"","meta":{"content-type":"","_monsterinsights_skip_tracking":false,"_monsterinsights_sitenote_active":false,"_monsterinsights_sitenote_note":"","_monsterinsights_sitenote_category":0},"product_brand":[],"product_cat":[813],"product_tag":[959],"brand":[{"id":599,"name":"Alias","slug":"alias_se"}],"target-group":[],"discontinued":[],"class_list":{"0":"post-60616","1":"product","2":"type-product","3":"status-publish","5":"product_cat-resespel","6":"product_tag-ordforklaring","7":"brand-alias_se","9":"first","10":"instock","11":"taxable","12":"shipping-taxable","13":"product-type-simple"},"aioseo_notices":[],"_links":{"self":[{"href":"https:\/\/games.tactic.net\/sv\/wp-json\/wp\/v2\/product\/60616","targetHints":{"allow":["GET"]}}],"collection":[{"href":"https:\/\/games.tactic.net\/sv\/wp-json\/wp\/v2\/product"}],"about":[{"href":"https:\/\/games.tactic.net\/sv\/wp-json\/wp\/v2\/types\/product"}],"wp:attachment":[{"href":"https:\/\/games.tactic.net\/sv\/wp-json\/wp\/v2\/media?parent=60616"}],"wp:term":[{"taxonomy":"product_brand","embeddable":true,"href":"https:\/\/games.tactic.net\/sv\/wp-json\/wp\/v2\/product_brand?post=60616"},{"taxonomy":"product_cat","embeddable":true,"href":"https:\/\/games.tactic.net\/sv\/wp-json\/wp\/v2\/product_cat?post=60616"},{"taxonomy":"product_tag","embeddable":true,"href":"https:\/\/games.tactic.net\/sv\/wp-json\/wp\/v2\/product_tag?post=60616"},{"taxonomy":"brand","embeddable":true,"href":"https:\/\/games.tactic.net\/sv\/wp-json\/wp\/v2\/brand?post=60616"},{"taxonomy":"target-group","embeddable":true,"href":"https:\/\/games.tactic.net\/sv\/wp-json\/wp\/v2\/target-group?post=60616"},{"taxonomy":"discontinued","embeddable":true,"href":"https:\/\/games.tactic.net\/sv\/wp-json\/wp\/v2\/discontinued?post=60616"}],"curies":[{"name":"wp","href":"https:\/\/api.w.org\/{rel}","templated":true}]}}