{"id":60601,"date":"2021-02-16T10:55:44","date_gmt":"2021-02-16T08:55:44","guid":{"rendered":"https:\/\/dev.tactic.net\/tuote\/barn-alias-reseversion\/"},"modified":"2023-10-06T16:39:20","modified_gmt":"2023-10-06T13:39:20","slug":"barn-alias-reseversion","status":"publish","type":"product","link":"https:\/\/games.tactic.net\/sv\/tuote\/barn-alias-reseversion\/","title":{"rendered":"Tactic Alias Barn resespel"},"content":{"rendered":"<p>Det roliga bildf\u00f6rklaringsspelet f\u00f6r barn nu i beh\u00e4ndigt reseformat! Spelet g\u00e5r ut p\u00e5 att beskriva och gissa bilder.<\/p>\n","protected":false},"excerpt":{"rendered":"<p>Det roliga bildf\u00f6rklaringsspelet f\u00f6r barn nu i beh\u00e4ndigt reseformat! Spelet g\u00e5r ut p\u00e5 att beskriva och gissa bilder.<\/p>\n","protected":false},"featured_media":0,"template":"","meta":{"content-type":"","_monsterinsights_skip_tracking":false,"_monsterinsights_sitenote_active":false,"_monsterinsights_sitenote_note":"","_monsterinsights_sitenote_category":0},"product_brand":[],"product_cat":[1532],"product_tag":[959],"brand":[{"id":599,"name":"Alias","slug":"alias_se"}],"target-group":[],"discontinued":[],"class_list":{"0":"post-60601","1":"product","2":"type-product","3":"status-publish","5":"product_cat-resespel-barnspel","6":"product_tag-ordforklaring","7":"brand-alias_se","9":"first","10":"instock","11":"taxable","12":"shipping-taxable","13":"product-type-simple"},"aioseo_notices":[],"_links":{"self":[{"href":"https:\/\/games.tactic.net\/sv\/wp-json\/wp\/v2\/product\/60601","targetHints":{"allow":["GET"]}}],"collection":[{"href":"https:\/\/games.tactic.net\/sv\/wp-json\/wp\/v2\/product"}],"about":[{"href":"https:\/\/games.tactic.net\/sv\/wp-json\/wp\/v2\/types\/product"}],"wp:attachment":[{"href":"https:\/\/games.tactic.net\/sv\/wp-json\/wp\/v2\/media?parent=60601"}],"wp:term":[{"taxonomy":"product_brand","embeddable":true,"href":"https:\/\/games.tactic.net\/sv\/wp-json\/wp\/v2\/product_brand?post=60601"},{"taxonomy":"product_cat","embeddable":true,"href":"https:\/\/games.tactic.net\/sv\/wp-json\/wp\/v2\/product_cat?post=60601"},{"taxonomy":"product_tag","embeddable":true,"href":"https:\/\/games.tactic.net\/sv\/wp-json\/wp\/v2\/product_tag?post=60601"},{"taxonomy":"brand","embeddable":true,"href":"https:\/\/games.tactic.net\/sv\/wp-json\/wp\/v2\/brand?post=60601"},{"taxonomy":"target-group","embeddable":true,"href":"https:\/\/games.tactic.net\/sv\/wp-json\/wp\/v2\/target-group?post=60601"},{"taxonomy":"discontinued","embeddable":true,"href":"https:\/\/games.tactic.net\/sv\/wp-json\/wp\/v2\/discontinued?post=60601"}],"curies":[{"name":"wp","href":"https:\/\/api.w.org\/{rel}","templated":true}]}}