{"id":60572,"date":"2021-02-16T10:55:41","date_gmt":"2021-02-16T08:55:41","guid":{"rendered":"https:\/\/dev.tactic.net\/tuote\/rita-gissa-junior\/"},"modified":"2025-09-15T09:39:04","modified_gmt":"2025-09-15T06:39:04","slug":"rita-gissa-junior","status":"archive","type":"product","link":"https:\/\/games.tactic.net\/sv\/tuote\/rita-gissa-junior\/","title":{"rendered":"Tactic Rita och Gissa Junior br\u00e4dspel"},"content":{"rendered":"<p>Ett roligt teckningsspel f\u00f6r barnen. En spelare ritar och de andra spelarna f\u00f6rs\u00f6ker gissa vad det ska f\u00f6rest\u00e4lla. Kan spelas individuellt och i lag. Nu med white-board tavla!<\/p>\n","protected":false},"excerpt":{"rendered":"<p>Ett roligt teckningsspel f\u00f6r barnen. En spelare ritar och de andra spelarna f\u00f6rs\u00f6ker gissa vad det ska f\u00f6rest\u00e4lla.<\/p>\n","protected":false},"featured_media":0,"template":"","meta":{"content-type":"","_monsterinsights_skip_tracking":false,"_monsterinsights_sitenote_active":false,"_monsterinsights_sitenote_note":"","_monsterinsights_sitenote_category":0},"product_brand":[],"product_cat":[1462],"product_tag":[],"brand":[],"target-group":[],"discontinued":[],"class_list":{"0":"post-60572","1":"product","2":"type-product","3":"status-archive","5":"product_cat-bradspel-barnspel","7":"first","8":"outofstock","9":"taxable","10":"shipping-taxable","11":"product-type-simple"},"aioseo_notices":[],"_links":{"self":[{"href":"https:\/\/games.tactic.net\/sv\/wp-json\/wp\/v2\/product\/60572","targetHints":{"allow":["GET"]}}],"collection":[{"href":"https:\/\/games.tactic.net\/sv\/wp-json\/wp\/v2\/product"}],"about":[{"href":"https:\/\/games.tactic.net\/sv\/wp-json\/wp\/v2\/types\/product"}],"wp:attachment":[{"href":"https:\/\/games.tactic.net\/sv\/wp-json\/wp\/v2\/media?parent=60572"}],"wp:term":[{"taxonomy":"product_brand","embeddable":true,"href":"https:\/\/games.tactic.net\/sv\/wp-json\/wp\/v2\/product_brand?post=60572"},{"taxonomy":"product_cat","embeddable":true,"href":"https:\/\/games.tactic.net\/sv\/wp-json\/wp\/v2\/product_cat?post=60572"},{"taxonomy":"product_tag","embeddable":true,"href":"https:\/\/games.tactic.net\/sv\/wp-json\/wp\/v2\/product_tag?post=60572"},{"taxonomy":"brand","embeddable":true,"href":"https:\/\/games.tactic.net\/sv\/wp-json\/wp\/v2\/brand?post=60572"},{"taxonomy":"target-group","embeddable":true,"href":"https:\/\/games.tactic.net\/sv\/wp-json\/wp\/v2\/target-group?post=60572"},{"taxonomy":"discontinued","embeddable":true,"href":"https:\/\/games.tactic.net\/sv\/wp-json\/wp\/v2\/discontinued?post=60572"}],"curies":[{"name":"wp","href":"https:\/\/api.w.org\/{rel}","templated":true}]}}