{"id":60515,"date":"2021-02-16T10:55:35","date_gmt":"2021-02-16T08:55:35","guid":{"rendered":"https:\/\/dev.tactic.net\/tuote\/rita-gissa\/"},"modified":"2026-01-19T10:55:38","modified_gmt":"2026-01-19T08:55:38","slug":"rita-gissa","status":"archive","type":"product","link":"https:\/\/games.tactic.net\/sv\/tuote\/rita-gissa\/","title":{"rendered":"Tactic Rita och Gissa Original br\u00e4dspel"},"content":{"rendered":"<p>Ett roligt teckningsspel f\u00f6r hela familjen. En spelare ritar och de andra spelarna f\u00f6rs\u00f6ker att gissa vad det ska f\u00f6rest\u00e4lla, spelarna har sex olika kategorier att h\u00e5lla sig till. Kan spelas individuellt eller i lag.<\/p>\n","protected":false},"excerpt":{"rendered":"<p>Ett roligt teckningsspel f\u00f6r hela familjen.<\/p>\n","protected":false},"featured_media":0,"template":"","meta":{"content-type":"","_monsterinsights_skip_tracking":false,"_monsterinsights_sitenote_active":false,"_monsterinsights_sitenote_note":"","_monsterinsights_sitenote_category":0},"product_brand":[],"product_cat":[1461],"product_tag":[1227],"brand":[],"target-group":[],"discontinued":[],"class_list":{"0":"post-60515","1":"product","2":"type-product","3":"status-archive","5":"product_cat-bradspel","6":"product_tag-kreativitet-sv","8":"first","9":"outofstock","10":"taxable","11":"shipping-taxable","12":"product-type-simple"},"aioseo_notices":[],"_links":{"self":[{"href":"https:\/\/games.tactic.net\/sv\/wp-json\/wp\/v2\/product\/60515","targetHints":{"allow":["GET"]}}],"collection":[{"href":"https:\/\/games.tactic.net\/sv\/wp-json\/wp\/v2\/product"}],"about":[{"href":"https:\/\/games.tactic.net\/sv\/wp-json\/wp\/v2\/types\/product"}],"wp:attachment":[{"href":"https:\/\/games.tactic.net\/sv\/wp-json\/wp\/v2\/media?parent=60515"}],"wp:term":[{"taxonomy":"product_brand","embeddable":true,"href":"https:\/\/games.tactic.net\/sv\/wp-json\/wp\/v2\/product_brand?post=60515"},{"taxonomy":"product_cat","embeddable":true,"href":"https:\/\/games.tactic.net\/sv\/wp-json\/wp\/v2\/product_cat?post=60515"},{"taxonomy":"product_tag","embeddable":true,"href":"https:\/\/games.tactic.net\/sv\/wp-json\/wp\/v2\/product_tag?post=60515"},{"taxonomy":"brand","embeddable":true,"href":"https:\/\/games.tactic.net\/sv\/wp-json\/wp\/v2\/brand?post=60515"},{"taxonomy":"target-group","embeddable":true,"href":"https:\/\/games.tactic.net\/sv\/wp-json\/wp\/v2\/target-group?post=60515"},{"taxonomy":"discontinued","embeddable":true,"href":"https:\/\/games.tactic.net\/sv\/wp-json\/wp\/v2\/discontinued?post=60515"}],"curies":[{"name":"wp","href":"https:\/\/api.w.org\/{rel}","templated":true}]}}