{"id":60458,"date":"2021-02-16T10:55:30","date_gmt":"2021-02-16T08:55:30","guid":{"rendered":"https:\/\/dev.tactic.net\/tuote\/rappakalja-original\/"},"modified":"2023-10-25T16:01:20","modified_gmt":"2023-10-25T13:01:20","slug":"rappakalja-original","status":"publish","type":"product","link":"https:\/\/games.tactic.net\/sv\/tuote\/rappakalja-original\/","title":{"rendered":"Tactic Rappakalja Original board game"},"content":{"rendered":"<p>Ett hejdl\u00f6st bluffspel d\u00e4r de mest suver\u00e4na f\u00f6rklaringarna vinner! Inneh\u00e5ller ett m\u00e5nga roliga fr\u00e5gor och fakta. Anv\u00e4nd din fantasi. Passar perfekt vid alla spelkv\u00e4llar.<\/p>\n","protected":false},"excerpt":{"rendered":"<p>Ett hejdl\u00f6st bluffspel d\u00e4r de mest suver\u00e4na f\u00f6rklaringarna vinner!<\/p>\n","protected":false},"featured_media":0,"template":"","meta":{"content-type":"","_monsterinsights_skip_tracking":false,"_monsterinsights_sitenote_active":false,"_monsterinsights_sitenote_note":"","_monsterinsights_sitenote_category":0},"product_brand":[],"product_cat":[1541,1540],"product_tag":[1227],"brand":[],"target-group":[],"discontinued":[],"class_list":{"0":"post-60458","1":"product","2":"type-product","3":"status-publish","5":"product_cat-party-spel-vuxenspel","6":"product_cat-partyspel","7":"product_tag-kreativitet-sv","9":"first","10":"instock","11":"taxable","12":"shipping-taxable","13":"product-type-simple"},"aioseo_notices":[],"_links":{"self":[{"href":"https:\/\/games.tactic.net\/sv\/wp-json\/wp\/v2\/product\/60458","targetHints":{"allow":["GET"]}}],"collection":[{"href":"https:\/\/games.tactic.net\/sv\/wp-json\/wp\/v2\/product"}],"about":[{"href":"https:\/\/games.tactic.net\/sv\/wp-json\/wp\/v2\/types\/product"}],"wp:attachment":[{"href":"https:\/\/games.tactic.net\/sv\/wp-json\/wp\/v2\/media?parent=60458"}],"wp:term":[{"taxonomy":"product_brand","embeddable":true,"href":"https:\/\/games.tactic.net\/sv\/wp-json\/wp\/v2\/product_brand?post=60458"},{"taxonomy":"product_cat","embeddable":true,"href":"https:\/\/games.tactic.net\/sv\/wp-json\/wp\/v2\/product_cat?post=60458"},{"taxonomy":"product_tag","embeddable":true,"href":"https:\/\/games.tactic.net\/sv\/wp-json\/wp\/v2\/product_tag?post=60458"},{"taxonomy":"brand","embeddable":true,"href":"https:\/\/games.tactic.net\/sv\/wp-json\/wp\/v2\/brand?post=60458"},{"taxonomy":"target-group","embeddable":true,"href":"https:\/\/games.tactic.net\/sv\/wp-json\/wp\/v2\/target-group?post=60458"},{"taxonomy":"discontinued","embeddable":true,"href":"https:\/\/games.tactic.net\/sv\/wp-json\/wp\/v2\/discontinued?post=60458"}],"curies":[{"name":"wp","href":"https:\/\/api.w.org\/{rel}","templated":true}]}}