{"id":60401,"date":"2021-02-16T10:55:23","date_gmt":"2021-02-16T08:55:23","guid":{"rendered":"https:\/\/dev.tactic.net\/tuote\/dicetto\/"},"modified":"2023-10-25T14:34:06","modified_gmt":"2023-10-25T11:34:06","slug":"dicetto","status":"publish","type":"product","link":"https:\/\/games.tactic.net\/sv\/tuote\/dicetto\/","title":{"rendered":"Tactic Dicetto"},"content":{"rendered":"<p>Kasta t\u00e4rningarna, j\u00e4mf\u00f6r t\u00e4rningsm\u00f6nster och f\u00f6rs\u00f6k att vinna de b\u00e4sta korten f\u00f6r att vinna spelet. Ett genuint t\u00e4rningsspel!<\/p>\n","protected":false},"excerpt":{"rendered":"<p>Dicetto t\u00e4rningsspel kombinerar taktik och tur p\u00e5 ett kul och sp\u00e4nnande s\u00e4tt.<\/p>\n","protected":false},"featured_media":0,"template":"","meta":{"content-type":"","_monsterinsights_skip_tracking":false,"_monsterinsights_sitenote_active":false,"_monsterinsights_sitenote_note":"","_monsterinsights_sitenote_category":0},"product_brand":[],"product_cat":[1578,1563],"product_tag":[1265,857],"brand":[],"target-group":[],"discontinued":[],"class_list":{"0":"post-60401","1":"product","2":"type-product","3":"status-publish","5":"product_cat-kort-och-tarningsspel-familjespel","6":"product_cat-kort-och-tarningsspel","7":"product_tag-taktik-sv","8":"product_tag-tur","10":"first","11":"instock","12":"taxable","13":"shipping-taxable","14":"product-type-simple"},"aioseo_notices":[],"_links":{"self":[{"href":"https:\/\/games.tactic.net\/sv\/wp-json\/wp\/v2\/product\/60401","targetHints":{"allow":["GET"]}}],"collection":[{"href":"https:\/\/games.tactic.net\/sv\/wp-json\/wp\/v2\/product"}],"about":[{"href":"https:\/\/games.tactic.net\/sv\/wp-json\/wp\/v2\/types\/product"}],"wp:attachment":[{"href":"https:\/\/games.tactic.net\/sv\/wp-json\/wp\/v2\/media?parent=60401"}],"wp:term":[{"taxonomy":"product_brand","embeddable":true,"href":"https:\/\/games.tactic.net\/sv\/wp-json\/wp\/v2\/product_brand?post=60401"},{"taxonomy":"product_cat","embeddable":true,"href":"https:\/\/games.tactic.net\/sv\/wp-json\/wp\/v2\/product_cat?post=60401"},{"taxonomy":"product_tag","embeddable":true,"href":"https:\/\/games.tactic.net\/sv\/wp-json\/wp\/v2\/product_tag?post=60401"},{"taxonomy":"brand","embeddable":true,"href":"https:\/\/games.tactic.net\/sv\/wp-json\/wp\/v2\/brand?post=60401"},{"taxonomy":"target-group","embeddable":true,"href":"https:\/\/games.tactic.net\/sv\/wp-json\/wp\/v2\/target-group?post=60401"},{"taxonomy":"discontinued","embeddable":true,"href":"https:\/\/games.tactic.net\/sv\/wp-json\/wp\/v2\/discontinued?post=60401"}],"curies":[{"name":"wp","href":"https:\/\/api.w.org\/{rel}","templated":true}]}}