{"id":60400,"date":"2021-02-16T10:55:20","date_gmt":"2021-02-16T08:55:20","guid":{"rendered":"https:\/\/dev.tactic.net\/tuote\/familje-alias-2\/"},"modified":"2023-10-25T14:05:34","modified_gmt":"2023-10-25T11:05:34","slug":"familje-alias-2","status":"publish","type":"product","link":"https:\/\/games.tactic.net\/sv\/tuote\/familje-alias-2\/","title":{"rendered":"Tactic Alias Familje br\u00e4dspel"},"content":{"rendered":"<p>F\u00d6RKLARA ORD MED ANDRA ORD I DETTA ANNORLUNDA ORDF\u00d6RKLARINGSSPEL! H\u00e4r spelar hela familjen p\u00e5 samma villkor oavsett \u00e5lder. Snurran talar om vilken spelare som blir din gissande partner, och om en vuxen spelar mot en vuxen best\u00e4mmer snurran dessutom om ett vilt kort ska anv\u00e4ndas f\u00f6r att f\u00f6rsv\u00e5ra och locka till \u00e4nnu mera skratt! F\u00f6r varje r\u00e4tt gissat ord f\u00e5r b\u00e5de f\u00f6rklararen och gissaren flytta fram\u00e5t p\u00e5 spelplanen.<\/p>\n","protected":false},"excerpt":{"rendered":"<p>F\u00d6RKLARA ORD MED ANDRA ORD I DETTA ANNORLUNDA ORDF\u00d6RKLARINGSSPEL! H\u00e4r spelar hela familjen p\u00e5 samma villkor oavsett \u00e5lder.<\/p>\n","protected":false},"featured_media":0,"template":"","meta":{"content-type":"","_monsterinsights_skip_tracking":false,"_monsterinsights_sitenote_active":false,"_monsterinsights_sitenote_note":"","_monsterinsights_sitenote_category":0},"product_brand":[],"product_cat":[1461],"product_tag":[959],"brand":[{"id":599,"name":"Alias","slug":"alias_se"}],"target-group":[],"discontinued":[],"class_list":{"0":"post-60400","1":"product","2":"type-product","3":"status-publish","5":"product_cat-bradspel","6":"product_tag-ordforklaring","7":"brand-alias_se","9":"first","10":"instock","11":"taxable","12":"shipping-taxable","13":"product-type-simple"},"aioseo_notices":[],"_links":{"self":[{"href":"https:\/\/games.tactic.net\/sv\/wp-json\/wp\/v2\/product\/60400","targetHints":{"allow":["GET"]}}],"collection":[{"href":"https:\/\/games.tactic.net\/sv\/wp-json\/wp\/v2\/product"}],"about":[{"href":"https:\/\/games.tactic.net\/sv\/wp-json\/wp\/v2\/types\/product"}],"wp:attachment":[{"href":"https:\/\/games.tactic.net\/sv\/wp-json\/wp\/v2\/media?parent=60400"}],"wp:term":[{"taxonomy":"product_brand","embeddable":true,"href":"https:\/\/games.tactic.net\/sv\/wp-json\/wp\/v2\/product_brand?post=60400"},{"taxonomy":"product_cat","embeddable":true,"href":"https:\/\/games.tactic.net\/sv\/wp-json\/wp\/v2\/product_cat?post=60400"},{"taxonomy":"product_tag","embeddable":true,"href":"https:\/\/games.tactic.net\/sv\/wp-json\/wp\/v2\/product_tag?post=60400"},{"taxonomy":"brand","embeddable":true,"href":"https:\/\/games.tactic.net\/sv\/wp-json\/wp\/v2\/brand?post=60400"},{"taxonomy":"target-group","embeddable":true,"href":"https:\/\/games.tactic.net\/sv\/wp-json\/wp\/v2\/target-group?post=60400"},{"taxonomy":"discontinued","embeddable":true,"href":"https:\/\/games.tactic.net\/sv\/wp-json\/wp\/v2\/discontinued?post=60400"}],"curies":[{"name":"wp","href":"https:\/\/api.w.org\/{rel}","templated":true}]}}