{"id":60357,"date":"2021-02-16T10:55:13","date_gmt":"2021-02-16T08:55:13","guid":{"rendered":"https:\/\/dev.tactic.net\/tuote\/original-alias\/"},"modified":"2023-10-25T14:07:39","modified_gmt":"2023-10-25T11:07:39","slug":"original-alias","status":"publish","type":"product","link":"https:\/\/games.tactic.net\/sv\/tuote\/original-alias\/","title":{"rendered":"Tactic Alias Original br\u00e4dspel"},"content":{"rendered":"<p>3200 ord att F\u00d6RKLARA MED ANDRA ORD! Ett ordf\u00f6rklaringsspel f\u00f6r vuxna som spelas i tv\u00e5mannalag. Spelet g\u00e5r ut p\u00e5 att f\u00f6rklara ord. Det g\u00e4ller att inom vissa gr\u00e4nser, med hj\u00e4lp av synonymer, motsatser, antydningar mm. f\u00f6rklara s\u00e5 att lagkamraten f\u00f6rst\u00e5r och gissar s\u00e5 m\u00e5nga ord som m\u00f6jligt, medan sanden rinner ned i timglaset. Lagen f\u00f6rflyttar sig fram\u00e5t p\u00e5 spelplanen efter antalet r\u00e4tt gissade ord. F\u00f6rsta laget i m\u00e5l vinner.<\/p>\n<p><img decoding=\"async\" src=\"https:\\\\\\\\games.tactic.net\\\\pic\\\\logo\\\\Awarded_concept.png\"><\/p>\n","protected":false},"excerpt":{"rendered":"<p>3200 ord att F\u00d6RKLARA MED ANDRA ORD! Ett ordf\u00f6rklaringsspel f\u00f6r vuxna som spelas i tv\u00e5mannalag. Spelet g\u00e5r ut p\u00e5 att f\u00f6rklara ord. Det g\u00e4ller att inom vissa gr\u00e4nser, med hj\u00e4lp av synonymer, motsatser, antydningar mm. f\u00f6rklara s\u00e5 att lagkamraten f\u00f6rst\u00e5r och gissar s\u00e5 m\u00e5nga ord som m\u00f6jligt, medan sanden rinner ned i timglaset. Lagen f\u00f6rflyttar sig fram\u00e5t p\u00e5 spelplanen efter antalet r\u00e4tt gissade ord. F\u00f6rsta laget i m\u00e5l vinner.<\/p>\n","protected":false},"featured_media":0,"template":"","meta":{"content-type":"","_monsterinsights_skip_tracking":false,"_monsterinsights_sitenote_active":false,"_monsterinsights_sitenote_note":"","_monsterinsights_sitenote_category":0},"product_brand":[],"product_cat":[1461,683],"product_tag":[959],"brand":[{"id":599,"name":"Alias","slug":"alias_se"}],"target-group":[],"discontinued":[],"class_list":{"0":"post-60357","1":"product","2":"type-product","3":"status-publish","5":"product_cat-bradspel","6":"product_cat-vuxenspel","7":"product_tag-ordforklaring","8":"brand-alias_se","10":"first","11":"instock","12":"taxable","13":"shipping-taxable","14":"product-type-simple"},"aioseo_notices":[],"_links":{"self":[{"href":"https:\/\/games.tactic.net\/sv\/wp-json\/wp\/v2\/product\/60357","targetHints":{"allow":["GET"]}}],"collection":[{"href":"https:\/\/games.tactic.net\/sv\/wp-json\/wp\/v2\/product"}],"about":[{"href":"https:\/\/games.tactic.net\/sv\/wp-json\/wp\/v2\/types\/product"}],"wp:attachment":[{"href":"https:\/\/games.tactic.net\/sv\/wp-json\/wp\/v2\/media?parent=60357"}],"wp:term":[{"taxonomy":"product_brand","embeddable":true,"href":"https:\/\/games.tactic.net\/sv\/wp-json\/wp\/v2\/product_brand?post=60357"},{"taxonomy":"product_cat","embeddable":true,"href":"https:\/\/games.tactic.net\/sv\/wp-json\/wp\/v2\/product_cat?post=60357"},{"taxonomy":"product_tag","embeddable":true,"href":"https:\/\/games.tactic.net\/sv\/wp-json\/wp\/v2\/product_tag?post=60357"},{"taxonomy":"brand","embeddable":true,"href":"https:\/\/games.tactic.net\/sv\/wp-json\/wp\/v2\/brand?post=60357"},{"taxonomy":"target-group","embeddable":true,"href":"https:\/\/games.tactic.net\/sv\/wp-json\/wp\/v2\/target-group?post=60357"},{"taxonomy":"discontinued","embeddable":true,"href":"https:\/\/games.tactic.net\/sv\/wp-json\/wp\/v2\/discontinued?post=60357"}],"curies":[{"name":"wp","href":"https:\/\/api.w.org\/{rel}","templated":true}]}}