{"id":60300,"date":"2021-02-16T10:55:07","date_gmt":"2021-02-16T08:55:07","guid":{"rendered":"https:\/\/dev.tactic.net\/tuote\/block-out\/"},"modified":"2023-09-15T09:54:58","modified_gmt":"2023-09-15T06:54:58","slug":"block-out","status":"archive","type":"product","link":"https:\/\/games.tactic.net\/sv\/tuote\/block-out\/","title":{"rendered":"Block Out!"},"content":{"rendered":"<p>Stapla klossar p\u00e5 varandra utan att f\u00e5 tornet att ramla. Den f\u00f6rsta spelaren som g\u00f6r slut p\u00e5 sina klossar eller placerar den nionde klossen p\u00e5 tornet vinner! Klassiskt och stilrent spel som h\u00e5ller l\u00e4nge. Kort som anger vilken kloss du ska anv\u00e4nda.<\/p>\n","protected":false},"excerpt":{"rendered":"<p>Stapla klossar p\u00e5 varandra utan att f\u00e5 tornet att ramla. Den f\u00f6rsta spelaren som g\u00f6r slut p\u00e5 sina klossar eller placerar den nionde klossen p\u00e5 tornet vinner!<\/p>\n","protected":false},"featured_media":0,"template":"","meta":{"content-type":"","_monsterinsights_skip_tracking":false,"_monsterinsights_sitenote_active":false,"_monsterinsights_sitenote_note":"","_monsterinsights_sitenote_category":0},"product_brand":[],"product_cat":[1461],"product_tag":[1249,1265],"brand":[],"target-group":[],"discontinued":[],"class_list":{"0":"post-60300","1":"product","2":"type-product","3":"status-archive","5":"product_cat-bradspel","6":"product_tag-skicklighet-sv","7":"product_tag-taktik-sv","9":"first","10":"outofstock","11":"taxable","12":"shipping-taxable","13":"product-type-simple"},"aioseo_notices":[],"_links":{"self":[{"href":"https:\/\/games.tactic.net\/sv\/wp-json\/wp\/v2\/product\/60300","targetHints":{"allow":["GET"]}}],"collection":[{"href":"https:\/\/games.tactic.net\/sv\/wp-json\/wp\/v2\/product"}],"about":[{"href":"https:\/\/games.tactic.net\/sv\/wp-json\/wp\/v2\/types\/product"}],"wp:attachment":[{"href":"https:\/\/games.tactic.net\/sv\/wp-json\/wp\/v2\/media?parent=60300"}],"wp:term":[{"taxonomy":"product_brand","embeddable":true,"href":"https:\/\/games.tactic.net\/sv\/wp-json\/wp\/v2\/product_brand?post=60300"},{"taxonomy":"product_cat","embeddable":true,"href":"https:\/\/games.tactic.net\/sv\/wp-json\/wp\/v2\/product_cat?post=60300"},{"taxonomy":"product_tag","embeddable":true,"href":"https:\/\/games.tactic.net\/sv\/wp-json\/wp\/v2\/product_tag?post=60300"},{"taxonomy":"brand","embeddable":true,"href":"https:\/\/games.tactic.net\/sv\/wp-json\/wp\/v2\/brand?post=60300"},{"taxonomy":"target-group","embeddable":true,"href":"https:\/\/games.tactic.net\/sv\/wp-json\/wp\/v2\/target-group?post=60300"},{"taxonomy":"discontinued","embeddable":true,"href":"https:\/\/games.tactic.net\/sv\/wp-json\/wp\/v2\/discontinued?post=60300"}],"curies":[{"name":"wp","href":"https:\/\/api.w.org\/{rel}","templated":true}]}}