{"id":60299,"date":"2021-02-16T10:55:04","date_gmt":"2021-02-16T08:55:04","guid":{"rendered":"https:\/\/dev.tactic.net\/tuote\/abc-memo\/"},"modified":"2023-10-25T13:19:22","modified_gmt":"2023-10-25T10:19:22","slug":"abc-memo","status":"publish","type":"product","link":"https:\/\/games.tactic.net\/sv\/tuote\/abc-memo\/","title":{"rendered":"Tactic ABC Memo board game"},"content":{"rendered":"<p>V\u00e4nd p\u00e5 tv\u00e5 memobrickor och se om de \u00e4r likadana. Om du f\u00e5r ett par f\u00e5r du beh\u00e5lla det och forts\u00e4tta spela. Spelaren med flest par vinner.<\/p>\n","protected":false},"excerpt":{"rendered":"<p>V\u00e4nd p\u00e5 tv\u00e5 memobrickor och se om de \u00e4r likadana. Om du f\u00e5r ett par f\u00e5r du beh\u00e5lla det och forts\u00e4tta spela. Spelaren med flest par vinner.<\/p>\n","protected":false},"featured_media":0,"template":"","meta":{"content-type":"","_monsterinsights_skip_tracking":false,"_monsterinsights_sitenote_active":false,"_monsterinsights_sitenote_note":"","_monsterinsights_sitenote_category":0},"product_brand":[],"product_cat":[1567],"product_tag":[1235],"brand":[],"target-group":[],"discontinued":[],"class_list":{"0":"post-60299","1":"product","2":"type-product","3":"status-publish","5":"product_cat-memo-spel-barnspel","6":"product_tag-kombinera-sv","8":"first","9":"instock","10":"taxable","11":"shipping-taxable","12":"product-type-simple"},"aioseo_notices":[],"_links":{"self":[{"href":"https:\/\/games.tactic.net\/sv\/wp-json\/wp\/v2\/product\/60299","targetHints":{"allow":["GET"]}}],"collection":[{"href":"https:\/\/games.tactic.net\/sv\/wp-json\/wp\/v2\/product"}],"about":[{"href":"https:\/\/games.tactic.net\/sv\/wp-json\/wp\/v2\/types\/product"}],"wp:attachment":[{"href":"https:\/\/games.tactic.net\/sv\/wp-json\/wp\/v2\/media?parent=60299"}],"wp:term":[{"taxonomy":"product_brand","embeddable":true,"href":"https:\/\/games.tactic.net\/sv\/wp-json\/wp\/v2\/product_brand?post=60299"},{"taxonomy":"product_cat","embeddable":true,"href":"https:\/\/games.tactic.net\/sv\/wp-json\/wp\/v2\/product_cat?post=60299"},{"taxonomy":"product_tag","embeddable":true,"href":"https:\/\/games.tactic.net\/sv\/wp-json\/wp\/v2\/product_tag?post=60299"},{"taxonomy":"brand","embeddable":true,"href":"https:\/\/games.tactic.net\/sv\/wp-json\/wp\/v2\/brand?post=60299"},{"taxonomy":"target-group","embeddable":true,"href":"https:\/\/games.tactic.net\/sv\/wp-json\/wp\/v2\/target-group?post=60299"},{"taxonomy":"discontinued","embeddable":true,"href":"https:\/\/games.tactic.net\/sv\/wp-json\/wp\/v2\/discontinued?post=60299"}],"curies":[{"name":"wp","href":"https:\/\/api.w.org\/{rel}","templated":true}]}}