{"id":60277,"date":"2021-02-16T10:54:36","date_gmt":"2021-02-16T08:54:36","guid":{"rendered":"https:\/\/dev.tactic.net\/tuote\/top-magic-trix-mix-boll-tricks\/"},"modified":"2024-02-12T09:35:16","modified_gmt":"2024-02-12T07:35:16","slug":"top-magic-trix-mix-boll-tricks","status":"archive","type":"product","link":"https:\/\/games.tactic.net\/sv\/tuote\/top-magic-trix-mix-boll-tricks\/","title":{"rendered":"Top Magic Boll Tricks"},"content":{"rendered":"<p>Massor av roliga och kluriga trick som \u00f6verraskar publiken! Praktisk f\u00f6rpackning som \u00e4r l\u00e4tt att ta med. Enkla, tydliga instruktioner.<\/p>\n","protected":false},"excerpt":{"rendered":"<p>Massor av roliga och kluriga trick som \u00f6verraskar publiken! Praktisk f\u00f6rpackning som \u00e4r l\u00e4tt att ta med.<\/p>\n","protected":false},"featured_media":0,"template":"","meta":{"content-type":"","_monsterinsights_skip_tracking":false,"_monsterinsights_sitenote_active":false,"_monsterinsights_sitenote_note":"","_monsterinsights_sitenote_category":0},"product_brand":[],"product_cat":[1616,2087],"product_tag":[1220,1030,1227,932],"brand":[],"target-group":[],"discontinued":[],"class_list":{"0":"post-60277","1":"product","2":"type-product","3":"status-archive","5":"product_cat-magiska-trick-och-skamt","6":"product_cat-outlet-3","7":"product_tag-aktion-sv","8":"product_tag-ensam","9":"product_tag-kreativitet-sv","10":"product_tag-tidsfordriv","12":"first","13":"outofstock","14":"sale","15":"taxable","16":"shipping-taxable","17":"product-type-simple"},"aioseo_notices":[],"_links":{"self":[{"href":"https:\/\/games.tactic.net\/sv\/wp-json\/wp\/v2\/product\/60277","targetHints":{"allow":["GET"]}}],"collection":[{"href":"https:\/\/games.tactic.net\/sv\/wp-json\/wp\/v2\/product"}],"about":[{"href":"https:\/\/games.tactic.net\/sv\/wp-json\/wp\/v2\/types\/product"}],"wp:attachment":[{"href":"https:\/\/games.tactic.net\/sv\/wp-json\/wp\/v2\/media?parent=60277"}],"wp:term":[{"taxonomy":"product_brand","embeddable":true,"href":"https:\/\/games.tactic.net\/sv\/wp-json\/wp\/v2\/product_brand?post=60277"},{"taxonomy":"product_cat","embeddable":true,"href":"https:\/\/games.tactic.net\/sv\/wp-json\/wp\/v2\/product_cat?post=60277"},{"taxonomy":"product_tag","embeddable":true,"href":"https:\/\/games.tactic.net\/sv\/wp-json\/wp\/v2\/product_tag?post=60277"},{"taxonomy":"brand","embeddable":true,"href":"https:\/\/games.tactic.net\/sv\/wp-json\/wp\/v2\/brand?post=60277"},{"taxonomy":"target-group","embeddable":true,"href":"https:\/\/games.tactic.net\/sv\/wp-json\/wp\/v2\/target-group?post=60277"},{"taxonomy":"discontinued","embeddable":true,"href":"https:\/\/games.tactic.net\/sv\/wp-json\/wp\/v2\/discontinued?post=60277"}],"curies":[{"name":"wp","href":"https:\/\/api.w.org\/{rel}","templated":true}]}}