{"id":60274,"date":"2021-02-16T10:54:26","date_gmt":"2021-02-16T08:54:26","guid":{"rendered":"https:\/\/dev.tactic.net\/tuote\/charadspelet\/"},"modified":"2023-11-16T15:18:24","modified_gmt":"2023-11-16T13:18:24","slug":"charadspelet","status":"archive","type":"product","link":"https:\/\/games.tactic.net\/sv\/tuote\/charadspelet\/","title":{"rendered":"Charadspelet"},"content":{"rendered":"<p>Popul\u00e4rt och klassiskt partyspel! Para ihop b\u00f6rjan p\u00e5 en mening med slutet p\u00e5 en annan och du f\u00e4r sansl\u00f6st roliga charader att spela upp f\u00f6r dina motspelare. Kryssa dig fram\u00e5t p\u00e5 spelplanen. Perfekt att ta med till sommar- eller fj\u00e4llstugan!<\/p>\n","protected":false},"excerpt":{"rendered":"<p>Popul\u00e4rt och klassiskt partyspel! Para ihop b\u00f6rjan p\u00e5 en mening med slutet p\u00e5 en annan och du f\u00e4r sansl\u00f6st roliga charader att spela upp f\u00f6r dina motspelare. Kryssa dig fram\u00e5t p\u00e5 spelplanen.<\/p>\n","protected":false},"featured_media":0,"template":"","meta":{"content-type":"","_monsterinsights_skip_tracking":false,"_monsterinsights_sitenote_active":false,"_monsterinsights_sitenote_note":"","_monsterinsights_sitenote_category":0},"product_brand":[],"product_cat":[2030,813],"product_tag":[1227],"brand":[],"target-group":[],"discontinued":[],"class_list":{"0":"post-60274","1":"product","2":"type-product","3":"status-archive","5":"product_cat-resespel-vuxenspel","6":"product_cat-resespel","7":"product_tag-kreativitet-sv","9":"first","10":"outofstock","11":"taxable","12":"shipping-taxable","13":"product-type-simple"},"aioseo_notices":[],"_links":{"self":[{"href":"https:\/\/games.tactic.net\/sv\/wp-json\/wp\/v2\/product\/60274","targetHints":{"allow":["GET"]}}],"collection":[{"href":"https:\/\/games.tactic.net\/sv\/wp-json\/wp\/v2\/product"}],"about":[{"href":"https:\/\/games.tactic.net\/sv\/wp-json\/wp\/v2\/types\/product"}],"wp:attachment":[{"href":"https:\/\/games.tactic.net\/sv\/wp-json\/wp\/v2\/media?parent=60274"}],"wp:term":[{"taxonomy":"product_brand","embeddable":true,"href":"https:\/\/games.tactic.net\/sv\/wp-json\/wp\/v2\/product_brand?post=60274"},{"taxonomy":"product_cat","embeddable":true,"href":"https:\/\/games.tactic.net\/sv\/wp-json\/wp\/v2\/product_cat?post=60274"},{"taxonomy":"product_tag","embeddable":true,"href":"https:\/\/games.tactic.net\/sv\/wp-json\/wp\/v2\/product_tag?post=60274"},{"taxonomy":"brand","embeddable":true,"href":"https:\/\/games.tactic.net\/sv\/wp-json\/wp\/v2\/brand?post=60274"},{"taxonomy":"target-group","embeddable":true,"href":"https:\/\/games.tactic.net\/sv\/wp-json\/wp\/v2\/target-group?post=60274"},{"taxonomy":"discontinued","embeddable":true,"href":"https:\/\/games.tactic.net\/sv\/wp-json\/wp\/v2\/discontinued?post=60274"}],"curies":[{"name":"wp","href":"https:\/\/api.w.org\/{rel}","templated":true}]}}