{"id":60243,"date":"2021-02-16T10:54:14","date_gmt":"2021-02-16T08:54:14","guid":{"rendered":"https:\/\/dev.tactic.net\/tuote\/sota-djur-3\/"},"modified":"2023-10-06T16:26:10","modified_gmt":"2023-10-06T13:26:10","slug":"sota-djur-3","status":"publish","type":"product","link":"https:\/\/games.tactic.net\/sv\/tuote\/sota-djur-3\/","title":{"rendered":"Tactic S\u00d6TA DJUR Pysselbok med klisterm\u00e4rken"},"content":{"rendered":"<p>32 sidor med massor av roliga pysseluppgifter och s\u00f6ta klisterm\u00e4rken p\u00e5 barnens favoritdjur!<\/p>\n","protected":false},"excerpt":{"rendered":"<p>32 sidor med massor av roliga pysseluppgifter och s\u00f6ta klisterm\u00e4rken p\u00e5 barnens favoritdjur!<\/p>\n","protected":false},"featured_media":0,"template":"","meta":{"content-type":"","_monsterinsights_skip_tracking":false,"_monsterinsights_sitenote_active":false,"_monsterinsights_sitenote_note":"","_monsterinsights_sitenote_category":0},"product_brand":[],"product_cat":[1531],"product_tag":[],"brand":[],"target-group":[],"discontinued":[],"class_list":{"0":"post-60243","1":"product","2":"type-product","3":"status-publish","5":"product_cat-pysselbok-med-klistermarken","7":"first","8":"outofstock","9":"taxable","10":"shipping-taxable","11":"product-type-simple"},"aioseo_notices":[],"_links":{"self":[{"href":"https:\/\/games.tactic.net\/sv\/wp-json\/wp\/v2\/product\/60243","targetHints":{"allow":["GET"]}}],"collection":[{"href":"https:\/\/games.tactic.net\/sv\/wp-json\/wp\/v2\/product"}],"about":[{"href":"https:\/\/games.tactic.net\/sv\/wp-json\/wp\/v2\/types\/product"}],"wp:attachment":[{"href":"https:\/\/games.tactic.net\/sv\/wp-json\/wp\/v2\/media?parent=60243"}],"wp:term":[{"taxonomy":"product_brand","embeddable":true,"href":"https:\/\/games.tactic.net\/sv\/wp-json\/wp\/v2\/product_brand?post=60243"},{"taxonomy":"product_cat","embeddable":true,"href":"https:\/\/games.tactic.net\/sv\/wp-json\/wp\/v2\/product_cat?post=60243"},{"taxonomy":"product_tag","embeddable":true,"href":"https:\/\/games.tactic.net\/sv\/wp-json\/wp\/v2\/product_tag?post=60243"},{"taxonomy":"brand","embeddable":true,"href":"https:\/\/games.tactic.net\/sv\/wp-json\/wp\/v2\/brand?post=60243"},{"taxonomy":"target-group","embeddable":true,"href":"https:\/\/games.tactic.net\/sv\/wp-json\/wp\/v2\/target-group?post=60243"},{"taxonomy":"discontinued","embeddable":true,"href":"https:\/\/games.tactic.net\/sv\/wp-json\/wp\/v2\/discontinued?post=60243"}],"curies":[{"name":"wp","href":"https:\/\/api.w.org\/{rel}","templated":true}]}}