{"id":60213,"date":"2021-02-16T10:54:08","date_gmt":"2021-02-16T08:54:08","guid":{"rendered":"https:\/\/dev.tactic.net\/tuote\/bilar-och-maskiner-3\/"},"modified":"2023-10-23T10:36:24","modified_gmt":"2023-10-23T07:36:24","slug":"bilar-och-maskiner-3","status":"publish","type":"product","link":"https:\/\/games.tactic.net\/sv\/tuote\/bilar-och-maskiner-3\/","title":{"rendered":"Tactic BILAR OCH MASKINER Pysselbok med klisterm\u00e4rken"},"content":{"rendered":"<p>En riktigt cool pysselbok med tuffa klisterm\u00e4rken f\u00f6r barn som gillar allt p\u00e5 hjul och tunga maskiner!<\/p>\n","protected":false},"excerpt":{"rendered":"<p>En riktigt cool pysselbok med tuffa klisterm\u00e4rken f\u00f6r barn som gillar allt p\u00e5 hjul och tunga maskiner!<\/p>\n","protected":false},"featured_media":0,"template":"","meta":{"content-type":"","_monsterinsights_skip_tracking":false,"_monsterinsights_sitenote_active":false,"_monsterinsights_sitenote_note":"","_monsterinsights_sitenote_category":0},"product_brand":[],"product_cat":[1531],"product_tag":[],"brand":[],"target-group":[],"discontinued":[],"class_list":{"0":"post-60213","1":"product","2":"type-product","3":"status-publish","5":"product_cat-pysselbok-med-klistermarken","7":"first","8":"outofstock","9":"taxable","10":"shipping-taxable","11":"product-type-simple"},"aioseo_notices":[],"_links":{"self":[{"href":"https:\/\/games.tactic.net\/sv\/wp-json\/wp\/v2\/product\/60213","targetHints":{"allow":["GET"]}}],"collection":[{"href":"https:\/\/games.tactic.net\/sv\/wp-json\/wp\/v2\/product"}],"about":[{"href":"https:\/\/games.tactic.net\/sv\/wp-json\/wp\/v2\/types\/product"}],"wp:attachment":[{"href":"https:\/\/games.tactic.net\/sv\/wp-json\/wp\/v2\/media?parent=60213"}],"wp:term":[{"taxonomy":"product_brand","embeddable":true,"href":"https:\/\/games.tactic.net\/sv\/wp-json\/wp\/v2\/product_brand?post=60213"},{"taxonomy":"product_cat","embeddable":true,"href":"https:\/\/games.tactic.net\/sv\/wp-json\/wp\/v2\/product_cat?post=60213"},{"taxonomy":"product_tag","embeddable":true,"href":"https:\/\/games.tactic.net\/sv\/wp-json\/wp\/v2\/product_tag?post=60213"},{"taxonomy":"brand","embeddable":true,"href":"https:\/\/games.tactic.net\/sv\/wp-json\/wp\/v2\/brand?post=60213"},{"taxonomy":"target-group","embeddable":true,"href":"https:\/\/games.tactic.net\/sv\/wp-json\/wp\/v2\/target-group?post=60213"},{"taxonomy":"discontinued","embeddable":true,"href":"https:\/\/games.tactic.net\/sv\/wp-json\/wp\/v2\/discontinued?post=60213"}],"curies":[{"name":"wp","href":"https:\/\/api.w.org\/{rel}","templated":true}]}}