{"id":60127,"date":"2021-02-16T10:54:00","date_gmt":"2021-02-16T08:54:00","guid":{"rendered":"https:\/\/dev.tactic.net\/tuote\/hastar-2\/"},"modified":"2023-10-23T10:33:46","modified_gmt":"2023-10-23T07:33:46","slug":"hastar-2","status":"publish","type":"product","link":"https:\/\/games.tactic.net\/sv\/tuote\/hastar-2\/","title":{"rendered":"Tactic H\u00c4STAR Pysselbok"},"content":{"rendered":"<p>48 sidor med roliga och kluriga pyssel f\u00f6r alla h\u00e4st\u00e4lskare! H\u00e4r f\u00e5r ni 48 sidor med massor av pyssel som bara handlar om h\u00e4star och saker runt omkring h\u00e4star. Hj\u00e4lp h\u00e4starna genom labyrinter, rita fr\u00e5n prick till prick, r\u00e4kna h\u00e4stskor och mycket, mycket mer! V\u00e4ssa pennorna, ta fram kritorna \u2013 nu b\u00f6rjar h\u00e4st\u00e4ventyret!<\/p>\n","protected":false},"excerpt":{"rendered":"<p>48 sidor med roliga och kluriga pyssel f\u00f6r alla h\u00e4st\u00e4lskare!<\/p>\n","protected":false},"featured_media":0,"template":"","meta":{"content-type":"","_monsterinsights_skip_tracking":false,"_monsterinsights_sitenote_active":false,"_monsterinsights_sitenote_note":"","_monsterinsights_sitenote_category":0},"product_brand":[],"product_cat":[1530],"product_tag":[],"brand":[],"target-group":[],"discontinued":[],"class_list":{"0":"post-60127","1":"product","2":"type-product","3":"status-publish","5":"product_cat-aktivitetsbocker","7":"first","8":"instock","9":"taxable","10":"shipping-taxable","11":"product-type-simple"},"aioseo_notices":[],"_links":{"self":[{"href":"https:\/\/games.tactic.net\/sv\/wp-json\/wp\/v2\/product\/60127","targetHints":{"allow":["GET"]}}],"collection":[{"href":"https:\/\/games.tactic.net\/sv\/wp-json\/wp\/v2\/product"}],"about":[{"href":"https:\/\/games.tactic.net\/sv\/wp-json\/wp\/v2\/types\/product"}],"wp:attachment":[{"href":"https:\/\/games.tactic.net\/sv\/wp-json\/wp\/v2\/media?parent=60127"}],"wp:term":[{"taxonomy":"product_brand","embeddable":true,"href":"https:\/\/games.tactic.net\/sv\/wp-json\/wp\/v2\/product_brand?post=60127"},{"taxonomy":"product_cat","embeddable":true,"href":"https:\/\/games.tactic.net\/sv\/wp-json\/wp\/v2\/product_cat?post=60127"},{"taxonomy":"product_tag","embeddable":true,"href":"https:\/\/games.tactic.net\/sv\/wp-json\/wp\/v2\/product_tag?post=60127"},{"taxonomy":"brand","embeddable":true,"href":"https:\/\/games.tactic.net\/sv\/wp-json\/wp\/v2\/brand?post=60127"},{"taxonomy":"target-group","embeddable":true,"href":"https:\/\/games.tactic.net\/sv\/wp-json\/wp\/v2\/target-group?post=60127"},{"taxonomy":"discontinued","embeddable":true,"href":"https:\/\/games.tactic.net\/sv\/wp-json\/wp\/v2\/discontinued?post=60127"}],"curies":[{"name":"wp","href":"https:\/\/api.w.org\/{rel}","templated":true}]}}