{"id":60112,"date":"2021-02-16T10:53:57","date_gmt":"2021-02-16T08:53:57","guid":{"rendered":"https:\/\/dev.tactic.net\/tuote\/sota-djur-2\/"},"modified":"2023-10-06T16:21:35","modified_gmt":"2023-10-06T13:21:35","slug":"sota-djur-2","status":"publish","type":"product","link":"https:\/\/games.tactic.net\/sv\/tuote\/sota-djur-2\/","title":{"rendered":"Tactic S\u00d6TA DJUR Pysselbok"},"content":{"rendered":"<p>Hundvalpar, kattungar, sm\u00e5 kaniner \u2013 h\u00e4r finns pyssel med alla s\u00f6ta djur som barnen \u00e4lskar!<\/p>\n","protected":false},"excerpt":{"rendered":"<p>Hundvalpar, kattungar, sm\u00e5 kaniner \u2013 h\u00e4r finns pyssel med alla s\u00f6ta djur som barnen \u00e4lskar!<\/p>\n","protected":false},"featured_media":0,"template":"","meta":{"content-type":"","_monsterinsights_skip_tracking":false,"_monsterinsights_sitenote_active":false,"_monsterinsights_sitenote_note":"","_monsterinsights_sitenote_category":0},"product_brand":[],"product_cat":[1530],"product_tag":[],"brand":[],"target-group":[],"discontinued":[],"class_list":{"0":"post-60112","1":"product","2":"type-product","3":"status-publish","5":"product_cat-aktivitetsbocker","7":"first","8":"instock","9":"taxable","10":"shipping-taxable","11":"product-type-simple"},"aioseo_notices":[],"_links":{"self":[{"href":"https:\/\/games.tactic.net\/sv\/wp-json\/wp\/v2\/product\/60112","targetHints":{"allow":["GET"]}}],"collection":[{"href":"https:\/\/games.tactic.net\/sv\/wp-json\/wp\/v2\/product"}],"about":[{"href":"https:\/\/games.tactic.net\/sv\/wp-json\/wp\/v2\/types\/product"}],"wp:attachment":[{"href":"https:\/\/games.tactic.net\/sv\/wp-json\/wp\/v2\/media?parent=60112"}],"wp:term":[{"taxonomy":"product_brand","embeddable":true,"href":"https:\/\/games.tactic.net\/sv\/wp-json\/wp\/v2\/product_brand?post=60112"},{"taxonomy":"product_cat","embeddable":true,"href":"https:\/\/games.tactic.net\/sv\/wp-json\/wp\/v2\/product_cat?post=60112"},{"taxonomy":"product_tag","embeddable":true,"href":"https:\/\/games.tactic.net\/sv\/wp-json\/wp\/v2\/product_tag?post=60112"},{"taxonomy":"brand","embeddable":true,"href":"https:\/\/games.tactic.net\/sv\/wp-json\/wp\/v2\/brand?post=60112"},{"taxonomy":"target-group","embeddable":true,"href":"https:\/\/games.tactic.net\/sv\/wp-json\/wp\/v2\/target-group?post=60112"},{"taxonomy":"discontinued","embeddable":true,"href":"https:\/\/games.tactic.net\/sv\/wp-json\/wp\/v2\/discontinued?post=60112"}],"curies":[{"name":"wp","href":"https:\/\/api.w.org\/{rel}","templated":true}]}}