{"id":59911,"date":"2021-02-16T10:53:36","date_gmt":"2021-02-16T08:53:36","guid":{"rendered":"https:\/\/dev.tactic.net\/tuote\/sota-djur\/"},"modified":"2023-10-23T10:26:51","modified_gmt":"2023-10-23T07:26:51","slug":"sota-djur","status":"publish","type":"product","link":"https:\/\/games.tactic.net\/sv\/tuote\/sota-djur\/","title":{"rendered":"Tactic S\u00d6TA DJUR M\u00e5larbok"},"content":{"rendered":"<p>48 sidor med s\u00f6ta djur att m\u00e5la. Valpar, kattungar, kaniner och alla andra djur som barnen s\u00e5 v\u00e4l k\u00e4nner igen!<\/p>\n","protected":false},"excerpt":{"rendered":"<p>48 sidor med s\u00f6ta djur att m\u00e5la. Valpar, kattungar, kaniner och alla andra djur som barnen s\u00e5 v\u00e4l k\u00e4nner igen!<\/p>\n","protected":false},"featured_media":0,"template":"","meta":{"content-type":"","_monsterinsights_skip_tracking":false,"_monsterinsights_sitenote_active":false,"_monsterinsights_sitenote_note":"","_monsterinsights_sitenote_category":0},"product_brand":[],"product_cat":[1529],"product_tag":[],"brand":[],"target-group":[],"discontinued":[],"class_list":{"0":"post-59911","1":"product","2":"type-product","3":"status-publish","5":"product_cat-malarbocker-malar-och-pysselbocker","7":"first","8":"instock","9":"taxable","10":"shipping-taxable","11":"product-type-simple"},"aioseo_notices":[],"_links":{"self":[{"href":"https:\/\/games.tactic.net\/sv\/wp-json\/wp\/v2\/product\/59911","targetHints":{"allow":["GET"]}}],"collection":[{"href":"https:\/\/games.tactic.net\/sv\/wp-json\/wp\/v2\/product"}],"about":[{"href":"https:\/\/games.tactic.net\/sv\/wp-json\/wp\/v2\/types\/product"}],"wp:attachment":[{"href":"https:\/\/games.tactic.net\/sv\/wp-json\/wp\/v2\/media?parent=59911"}],"wp:term":[{"taxonomy":"product_brand","embeddable":true,"href":"https:\/\/games.tactic.net\/sv\/wp-json\/wp\/v2\/product_brand?post=59911"},{"taxonomy":"product_cat","embeddable":true,"href":"https:\/\/games.tactic.net\/sv\/wp-json\/wp\/v2\/product_cat?post=59911"},{"taxonomy":"product_tag","embeddable":true,"href":"https:\/\/games.tactic.net\/sv\/wp-json\/wp\/v2\/product_tag?post=59911"},{"taxonomy":"brand","embeddable":true,"href":"https:\/\/games.tactic.net\/sv\/wp-json\/wp\/v2\/brand?post=59911"},{"taxonomy":"target-group","embeddable":true,"href":"https:\/\/games.tactic.net\/sv\/wp-json\/wp\/v2\/target-group?post=59911"},{"taxonomy":"discontinued","embeddable":true,"href":"https:\/\/games.tactic.net\/sv\/wp-json\/wp\/v2\/discontinued?post=59911"}],"curies":[{"name":"wp","href":"https:\/\/api.w.org\/{rel}","templated":true}]}}