{"id":59896,"date":"2021-02-16T10:53:32","date_gmt":"2021-02-16T08:53:32","guid":{"rendered":"https:\/\/dev.tactic.net\/tuote\/min-forsta-malarbok\/"},"modified":"2023-10-06T16:07:41","modified_gmt":"2023-10-06T13:07:41","slug":"min-forsta-malarbok","status":"publish","type":"product","link":"https:\/\/games.tactic.net\/sv\/tuote\/min-forsta-malarbok\/","title":{"rendered":"Tactic MIN F\u00d6RSTA M\u00c5LARBOK"},"content":{"rendered":"<p>I den h\u00e4r m\u00e5larboken \u00e4r bilderna p\u00e5 alla 48 sidor avpassade f\u00f6r v\u00e5ra yngsta konstn\u00e4rer \u2013 tjocka linjer och enkla bilder.<\/p>\n","protected":false},"excerpt":{"rendered":"<p>I den h\u00e4r m\u00e5larboken \u00e4r bilderna p\u00e5 alla 48 sidor avpassade f\u00f6r v\u00e5ra yngsta konstn\u00e4rer \u2013 tjocka linjer och enkla bilder.<\/p>\n","protected":false},"featured_media":0,"template":"","meta":{"content-type":"","_monsterinsights_skip_tracking":false,"_monsterinsights_sitenote_active":false,"_monsterinsights_sitenote_note":"","_monsterinsights_sitenote_category":0},"product_brand":[],"product_cat":[1529],"product_tag":[],"brand":[],"target-group":[],"discontinued":[],"class_list":{"0":"post-59896","1":"product","2":"type-product","3":"status-publish","5":"product_cat-malarbocker-malar-och-pysselbocker","7":"first","8":"outofstock","9":"taxable","10":"shipping-taxable","11":"product-type-simple"},"aioseo_notices":[],"_links":{"self":[{"href":"https:\/\/games.tactic.net\/sv\/wp-json\/wp\/v2\/product\/59896","targetHints":{"allow":["GET"]}}],"collection":[{"href":"https:\/\/games.tactic.net\/sv\/wp-json\/wp\/v2\/product"}],"about":[{"href":"https:\/\/games.tactic.net\/sv\/wp-json\/wp\/v2\/types\/product"}],"wp:attachment":[{"href":"https:\/\/games.tactic.net\/sv\/wp-json\/wp\/v2\/media?parent=59896"}],"wp:term":[{"taxonomy":"product_brand","embeddable":true,"href":"https:\/\/games.tactic.net\/sv\/wp-json\/wp\/v2\/product_brand?post=59896"},{"taxonomy":"product_cat","embeddable":true,"href":"https:\/\/games.tactic.net\/sv\/wp-json\/wp\/v2\/product_cat?post=59896"},{"taxonomy":"product_tag","embeddable":true,"href":"https:\/\/games.tactic.net\/sv\/wp-json\/wp\/v2\/product_tag?post=59896"},{"taxonomy":"brand","embeddable":true,"href":"https:\/\/games.tactic.net\/sv\/wp-json\/wp\/v2\/brand?post=59896"},{"taxonomy":"target-group","embeddable":true,"href":"https:\/\/games.tactic.net\/sv\/wp-json\/wp\/v2\/target-group?post=59896"},{"taxonomy":"discontinued","embeddable":true,"href":"https:\/\/games.tactic.net\/sv\/wp-json\/wp\/v2\/discontinued?post=59896"}],"curies":[{"name":"wp","href":"https:\/\/api.w.org\/{rel}","templated":true}]}}