{"id":59824,"date":"2021-02-16T10:53:24","date_gmt":"2021-02-16T08:53:24","guid":{"rendered":"https:\/\/dev.tactic.net\/tuote\/bondgardsdjur\/"},"modified":"2023-10-23T10:26:00","modified_gmt":"2023-10-23T07:26:00","slug":"bondgardsdjur","status":"publish","type":"product","link":"https:\/\/games.tactic.net\/sv\/tuote\/bondgardsdjur\/","title":{"rendered":"Tactic BONDG\u00c5RDSDJUR M\u00e5larbok"},"content":{"rendered":"<p>48 sidor med massor av s\u00f6ta bilder att m\u00e5la p\u00e5 barnens alla favoritdjur fr\u00e5n bondg\u00e5rden.<\/p>\n","protected":false},"excerpt":{"rendered":"<p>48 sidor med massor av s\u00f6ta bilder att m\u00e5la p\u00e5 barnens alla favoritdjur fr\u00e5n bondg\u00e5rden.<\/p>\n","protected":false},"featured_media":0,"template":"","meta":{"content-type":"","_monsterinsights_skip_tracking":false,"_monsterinsights_sitenote_active":false,"_monsterinsights_sitenote_note":"","_monsterinsights_sitenote_category":0},"product_brand":[],"product_cat":[1529],"product_tag":[],"brand":[],"target-group":[],"discontinued":[],"class_list":{"0":"post-59824","1":"product","2":"type-product","3":"status-publish","5":"product_cat-malarbocker-malar-och-pysselbocker","7":"first","8":"instock","9":"taxable","10":"shipping-taxable","11":"product-type-simple"},"aioseo_notices":[],"_links":{"self":[{"href":"https:\/\/games.tactic.net\/sv\/wp-json\/wp\/v2\/product\/59824","targetHints":{"allow":["GET"]}}],"collection":[{"href":"https:\/\/games.tactic.net\/sv\/wp-json\/wp\/v2\/product"}],"about":[{"href":"https:\/\/games.tactic.net\/sv\/wp-json\/wp\/v2\/types\/product"}],"wp:attachment":[{"href":"https:\/\/games.tactic.net\/sv\/wp-json\/wp\/v2\/media?parent=59824"}],"wp:term":[{"taxonomy":"product_brand","embeddable":true,"href":"https:\/\/games.tactic.net\/sv\/wp-json\/wp\/v2\/product_brand?post=59824"},{"taxonomy":"product_cat","embeddable":true,"href":"https:\/\/games.tactic.net\/sv\/wp-json\/wp\/v2\/product_cat?post=59824"},{"taxonomy":"product_tag","embeddable":true,"href":"https:\/\/games.tactic.net\/sv\/wp-json\/wp\/v2\/product_tag?post=59824"},{"taxonomy":"brand","embeddable":true,"href":"https:\/\/games.tactic.net\/sv\/wp-json\/wp\/v2\/brand?post=59824"},{"taxonomy":"target-group","embeddable":true,"href":"https:\/\/games.tactic.net\/sv\/wp-json\/wp\/v2\/target-group?post=59824"},{"taxonomy":"discontinued","embeddable":true,"href":"https:\/\/games.tactic.net\/sv\/wp-json\/wp\/v2\/discontinued?post=59824"}],"curies":[{"name":"wp","href":"https:\/\/api.w.org\/{rel}","templated":true}]}}