{"id":59809,"date":"2021-02-16T10:53:21","date_gmt":"2021-02-16T08:53:21","guid":{"rendered":"https:\/\/dev.tactic.net\/tuote\/ska-vi-sla-vad-2\/"},"modified":"2023-10-06T16:41:50","modified_gmt":"2023-10-06T13:41:50","slug":"ska-vi-sla-vad-2","status":"publish","type":"product","link":"https:\/\/games.tactic.net\/sv\/tuote\/ska-vi-sla-vad-2\/","title":{"rendered":"Tactic Ska vi sl\u00e5 vad? resespel"},"content":{"rendered":"<p>En kompakt variant av det popul\u00e4ra familjespelet d\u00e4r du ska klara olika uppgifter medan \u00f6vriga spelare sl\u00e5r vad om huruvida du kommer att lyckas eller inte. Massor av galna uppt\u00e5g genom spelet roar b\u00e5de barn och vuxna!<\/p>\n","protected":false},"excerpt":{"rendered":"<p>En kompakt variant av det popul\u00e4ra familjespelet d\u00e4r du ska klara olika uppgifter medan \u00f6vriga spelare sl\u00e5r vad om huruvida du kommer att lyckas eller inte.<\/p>\n","protected":false},"featured_media":0,"template":"","meta":{"content-type":"","_monsterinsights_skip_tracking":false,"_monsterinsights_sitenote_active":false,"_monsterinsights_sitenote_note":"","_monsterinsights_sitenote_category":0},"product_brand":[],"product_cat":[813],"product_tag":[],"brand":[],"target-group":[],"discontinued":[],"class_list":{"0":"post-59809","1":"product","2":"type-product","3":"status-publish","5":"product_cat-resespel","7":"first","8":"outofstock","9":"taxable","10":"shipping-taxable","11":"product-type-simple"},"aioseo_notices":[],"_links":{"self":[{"href":"https:\/\/games.tactic.net\/sv\/wp-json\/wp\/v2\/product\/59809","targetHints":{"allow":["GET"]}}],"collection":[{"href":"https:\/\/games.tactic.net\/sv\/wp-json\/wp\/v2\/product"}],"about":[{"href":"https:\/\/games.tactic.net\/sv\/wp-json\/wp\/v2\/types\/product"}],"wp:attachment":[{"href":"https:\/\/games.tactic.net\/sv\/wp-json\/wp\/v2\/media?parent=59809"}],"wp:term":[{"taxonomy":"product_brand","embeddable":true,"href":"https:\/\/games.tactic.net\/sv\/wp-json\/wp\/v2\/product_brand?post=59809"},{"taxonomy":"product_cat","embeddable":true,"href":"https:\/\/games.tactic.net\/sv\/wp-json\/wp\/v2\/product_cat?post=59809"},{"taxonomy":"product_tag","embeddable":true,"href":"https:\/\/games.tactic.net\/sv\/wp-json\/wp\/v2\/product_tag?post=59809"},{"taxonomy":"brand","embeddable":true,"href":"https:\/\/games.tactic.net\/sv\/wp-json\/wp\/v2\/brand?post=59809"},{"taxonomy":"target-group","embeddable":true,"href":"https:\/\/games.tactic.net\/sv\/wp-json\/wp\/v2\/target-group?post=59809"},{"taxonomy":"discontinued","embeddable":true,"href":"https:\/\/games.tactic.net\/sv\/wp-json\/wp\/v2\/discontinued?post=59809"}],"curies":[{"name":"wp","href":"https:\/\/api.w.org\/{rel}","templated":true}]}}