{"id":59794,"date":"2021-02-16T10:53:17","date_gmt":"2021-02-16T08:53:17","guid":{"rendered":"https:\/\/dev.tactic.net\/tuote\/vi-lar-oss-klockan\/"},"modified":"2025-02-26T12:27:22","modified_gmt":"2025-02-26T10:27:22","slug":"vi-lar-oss-klockan","status":"archive","type":"product","link":"https:\/\/games.tactic.net\/sv\/tuote\/vi-lar-oss-klockan\/","title":{"rendered":"Tactic Vi l\u00e4r oss Klockan"},"content":{"rendered":"<p>Utvecklar din f\u00f6rst\u00e5else f\u00f6r tid! Spelet l\u00e4r barnen att f\u00f6rst\u00e5 olika tidsbegrepp. Plocka upp klockbrickor och f\u00f6rsk\u00f6t hitta samma tid p\u00e5 din stora bricka. N\u00e4r du v\u00e4nder p\u00e5 brickan kan du se vad biet Tico g\u00f6r p\u00e5 den tiden p\u00e5 dagen. Beh\u00e5ll brickan om den matchar din stora bricka!<\/p>\n","protected":false},"excerpt":{"rendered":"<p>Utvecklar din f\u00f6rst\u00e5else f\u00f6r tid! Spelet l\u00e4r barnen att f\u00f6rst\u00e5 olika tidsbegrepp. Plocka upp klockbrickor och f\u00f6rsk\u00f6t hitta samma tid p\u00e5 din stora bricka. N\u00e4r du v\u00e4nder p\u00e5 brickan kan du se vad biet Tico g\u00f6r p\u00e5 den tiden p\u00e5 dagen. Beh\u00e5ll brickan om den matchar din stora bricka!<\/p>\n","protected":false},"featured_media":0,"template":"","meta":{"content-type":"","_monsterinsights_skip_tracking":false,"_monsterinsights_sitenote_active":false,"_monsterinsights_sitenote_note":"","_monsterinsights_sitenote_category":0},"product_brand":[],"product_cat":[1519],"product_tag":[1254],"brand":[],"target-group":[],"discontinued":[],"class_list":{"0":"post-59794","1":"product","2":"type-product","3":"status-archive","5":"product_cat-lar-spel-barnspel","6":"product_tag-pedagogisk-sv","8":"first","9":"outofstock","10":"taxable","11":"shipping-taxable","12":"product-type-simple"},"aioseo_notices":[],"_links":{"self":[{"href":"https:\/\/games.tactic.net\/sv\/wp-json\/wp\/v2\/product\/59794","targetHints":{"allow":["GET"]}}],"collection":[{"href":"https:\/\/games.tactic.net\/sv\/wp-json\/wp\/v2\/product"}],"about":[{"href":"https:\/\/games.tactic.net\/sv\/wp-json\/wp\/v2\/types\/product"}],"wp:attachment":[{"href":"https:\/\/games.tactic.net\/sv\/wp-json\/wp\/v2\/media?parent=59794"}],"wp:term":[{"taxonomy":"product_brand","embeddable":true,"href":"https:\/\/games.tactic.net\/sv\/wp-json\/wp\/v2\/product_brand?post=59794"},{"taxonomy":"product_cat","embeddable":true,"href":"https:\/\/games.tactic.net\/sv\/wp-json\/wp\/v2\/product_cat?post=59794"},{"taxonomy":"product_tag","embeddable":true,"href":"https:\/\/games.tactic.net\/sv\/wp-json\/wp\/v2\/product_tag?post=59794"},{"taxonomy":"brand","embeddable":true,"href":"https:\/\/games.tactic.net\/sv\/wp-json\/wp\/v2\/brand?post=59794"},{"taxonomy":"target-group","embeddable":true,"href":"https:\/\/games.tactic.net\/sv\/wp-json\/wp\/v2\/target-group?post=59794"},{"taxonomy":"discontinued","embeddable":true,"href":"https:\/\/games.tactic.net\/sv\/wp-json\/wp\/v2\/discontinued?post=59794"}],"curies":[{"name":"wp","href":"https:\/\/api.w.org\/{rel}","templated":true}]}}