{"id":59765,"date":"2019-11-09T01:02:33","date_gmt":"2021-02-16T08:53:12","guid":{"rendered":"https:\/\/dev.tactic.net\/tuote\/bondgardsdjur-lotto\/"},"modified":"2023-10-25T13:34:02","modified_gmt":"2023-10-25T10:34:02","slug":"bondgardsdjur-lotto","status":"publish","type":"product","link":"https:\/\/games.tactic.net\/sv\/tuote\/bondgardsdjur-lotto\/","title":{"rendered":"Tactic Bondg\u00e5rdsdjur Lotto br\u00e4dspel"},"content":{"rendered":"<p>F\u00f6rs\u00f6k hitta en bricka som finns p\u00e5 din lottobricka. Fyll din bricka f\u00f6rst och du \u00e4r vinnaren! Para ihop former och f\u00f6rger. Klassiskt, popul\u00e4rt spel. H\u00e5llbar kvalitet p\u00e5 brickorna.<\/p>\n","protected":false},"excerpt":{"rendered":"<p>F\u00f6rs\u00f6k hitta en bricka som finns p\u00e5 din lottobricka. Fyll din bricka f\u00f6rst och du \u00e4r vinnaren!<\/p>\n","protected":false},"featured_media":0,"template":"","meta":{"content-type":"","_monsterinsights_skip_tracking":false,"_monsterinsights_sitenote_active":false,"_monsterinsights_sitenote_note":"","_monsterinsights_sitenote_category":0},"product_brand":[],"product_cat":[1567],"product_tag":[1235],"brand":[],"target-group":[],"discontinued":[],"class_list":{"0":"post-59765","1":"product","2":"type-product","3":"status-publish","5":"product_cat-memo-spel-barnspel","6":"product_tag-kombinera-sv","8":"first","9":"instock","10":"taxable","11":"shipping-taxable","12":"product-type-simple"},"aioseo_notices":[],"_links":{"self":[{"href":"https:\/\/games.tactic.net\/sv\/wp-json\/wp\/v2\/product\/59765","targetHints":{"allow":["GET"]}}],"collection":[{"href":"https:\/\/games.tactic.net\/sv\/wp-json\/wp\/v2\/product"}],"about":[{"href":"https:\/\/games.tactic.net\/sv\/wp-json\/wp\/v2\/types\/product"}],"wp:attachment":[{"href":"https:\/\/games.tactic.net\/sv\/wp-json\/wp\/v2\/media?parent=59765"}],"wp:term":[{"taxonomy":"product_brand","embeddable":true,"href":"https:\/\/games.tactic.net\/sv\/wp-json\/wp\/v2\/product_brand?post=59765"},{"taxonomy":"product_cat","embeddable":true,"href":"https:\/\/games.tactic.net\/sv\/wp-json\/wp\/v2\/product_cat?post=59765"},{"taxonomy":"product_tag","embeddable":true,"href":"https:\/\/games.tactic.net\/sv\/wp-json\/wp\/v2\/product_tag?post=59765"},{"taxonomy":"brand","embeddable":true,"href":"https:\/\/games.tactic.net\/sv\/wp-json\/wp\/v2\/brand?post=59765"},{"taxonomy":"target-group","embeddable":true,"href":"https:\/\/games.tactic.net\/sv\/wp-json\/wp\/v2\/target-group?post=59765"},{"taxonomy":"discontinued","embeddable":true,"href":"https:\/\/games.tactic.net\/sv\/wp-json\/wp\/v2\/discontinued?post=59765"}],"curies":[{"name":"wp","href":"https:\/\/api.w.org\/{rel}","templated":true}]}}