{"id":59762,"date":"2021-02-16T10:53:01","date_gmt":"2021-02-16T08:53:01","guid":{"rendered":"https:\/\/dev.tactic.net\/tuote\/husdjur-memo\/"},"modified":"2023-10-25T13:42:18","modified_gmt":"2023-10-25T10:42:18","slug":"husdjur-memo","status":"publish","type":"product","link":"https:\/\/games.tactic.net\/sv\/tuote\/husdjur-memo\/","title":{"rendered":"Tactic Memo Husdjur minnesspel"},"content":{"rendered":"<p>F\u00f6rs\u00f6k att hitta s\u00e5 m\u00e5nga par som m\u00f6jligt med bilder av dina favorithusdjur! Den spelare som f\u00e5tt flest antal par vinner spelet!<\/p>\n","protected":false},"excerpt":{"rendered":"<p>F\u00f6rs\u00f6k att hitta s\u00e5 m\u00e5nga par som m\u00f6jligt med bilder av dina favorithusdjur! Den spelare som f\u00e5tt flest antal par vinner spelet!<\/p>\n","protected":false},"featured_media":0,"template":"","meta":{"content-type":"","_monsterinsights_skip_tracking":false,"_monsterinsights_sitenote_active":false,"_monsterinsights_sitenote_note":"","_monsterinsights_sitenote_category":0},"product_brand":[],"product_cat":[1567],"product_tag":[1235],"brand":[],"target-group":[],"discontinued":[],"class_list":{"0":"post-59762","1":"product","2":"type-product","3":"status-publish","5":"product_cat-memo-spel-barnspel","6":"product_tag-kombinera-sv","8":"first","9":"instock","10":"taxable","11":"shipping-taxable","12":"product-type-simple"},"aioseo_notices":[],"_links":{"self":[{"href":"https:\/\/games.tactic.net\/sv\/wp-json\/wp\/v2\/product\/59762","targetHints":{"allow":["GET"]}}],"collection":[{"href":"https:\/\/games.tactic.net\/sv\/wp-json\/wp\/v2\/product"}],"about":[{"href":"https:\/\/games.tactic.net\/sv\/wp-json\/wp\/v2\/types\/product"}],"wp:attachment":[{"href":"https:\/\/games.tactic.net\/sv\/wp-json\/wp\/v2\/media?parent=59762"}],"wp:term":[{"taxonomy":"product_brand","embeddable":true,"href":"https:\/\/games.tactic.net\/sv\/wp-json\/wp\/v2\/product_brand?post=59762"},{"taxonomy":"product_cat","embeddable":true,"href":"https:\/\/games.tactic.net\/sv\/wp-json\/wp\/v2\/product_cat?post=59762"},{"taxonomy":"product_tag","embeddable":true,"href":"https:\/\/games.tactic.net\/sv\/wp-json\/wp\/v2\/product_tag?post=59762"},{"taxonomy":"brand","embeddable":true,"href":"https:\/\/games.tactic.net\/sv\/wp-json\/wp\/v2\/brand?post=59762"},{"taxonomy":"target-group","embeddable":true,"href":"https:\/\/games.tactic.net\/sv\/wp-json\/wp\/v2\/target-group?post=59762"},{"taxonomy":"discontinued","embeddable":true,"href":"https:\/\/games.tactic.net\/sv\/wp-json\/wp\/v2\/discontinued?post=59762"}],"curies":[{"name":"wp","href":"https:\/\/api.w.org\/{rel}","templated":true}]}}