{"id":59761,"date":"2021-02-16T10:52:58","date_gmt":"2021-02-16T08:52:58","guid":{"rendered":"https:\/\/dev.tactic.net\/tuote\/mitt-forsta-spel-ba-ba-vita-lamm\/"},"modified":"2022-02-09T13:44:59","modified_gmt":"2022-02-09T11:44:59","slug":"mitt-forsta-spel-ba-ba-vita-lamm","status":"archive","type":"product","link":"https:\/\/games.tactic.net\/sv\/tuote\/mitt-forsta-spel-ba-ba-vita-lamm\/","title":{"rendered":"Mitt F\u00f6rsta spel: B\u00e4 B\u00e4 Vita Lamm"},"content":{"rendered":"<div>Stoppa handen i den ulliga p\u00e5sen och f\u00f6rs\u00f6k hitta r\u00e4tt kl\u00e4desplagg till barnen p\u00e5 din samlarbricka. Hitta ocks\u00e5 ditt lamm till \u00e4ngen. Den spelare som f\u00f6rst har hittat en halsduk, en m\u00f6ssa och en tr\u00f6ja till barnen samt ett lamm vinner.<\/div>\n<div><\/div>\n<ul>\n<li>Rolig att k\u00e4nna efter formen p\u00e5 brickan i p\u00e5sen.<\/li>\n<li>Spelet inneh\u00e5ller en mjuk, ullig tygp\u00e5se som f\u00f6rst\u00e4rker spelets tema.<\/li>\n<li>Perfekt f\u00f6r f\u00f6r\u00e4ldrar-barn-spel, men tillr\u00e4ckligt enkelt f\u00f6r att barnen ska kunna spela sj\u00e4lva.<\/li>\n<\/ul>\n","protected":false},"excerpt":{"rendered":"<p>Stoppa handen i den ulliga p\u00e5sen och f\u00f6rs\u00f6k hitta r\u00e4tt kl\u00e4desplagg till barnen p\u00e5 din samlarbricka. Hitta ocks\u00e5 ditt lamm till \u00e4ngen. Den spelare som f\u00f6rst har hittat en halsduk, en m\u00f6ssa och en tr\u00f6ja till barnen samt ett lamm vinner.<\/p>\n","protected":false},"featured_media":0,"template":"","meta":{"content-type":"","_monsterinsights_skip_tracking":false,"_monsterinsights_sitenote_active":false,"_monsterinsights_sitenote_note":"","_monsterinsights_sitenote_category":0},"product_brand":[],"product_cat":[1462],"product_tag":[857],"brand":[],"target-group":[],"discontinued":[],"class_list":{"0":"post-59761","1":"product","2":"type-product","3":"status-archive","5":"product_cat-bradspel-barnspel","6":"product_tag-tur","8":"first","9":"instock","10":"taxable","11":"shipping-taxable","12":"product-type-simple"},"aioseo_notices":[],"_links":{"self":[{"href":"https:\/\/games.tactic.net\/sv\/wp-json\/wp\/v2\/product\/59761","targetHints":{"allow":["GET"]}}],"collection":[{"href":"https:\/\/games.tactic.net\/sv\/wp-json\/wp\/v2\/product"}],"about":[{"href":"https:\/\/games.tactic.net\/sv\/wp-json\/wp\/v2\/types\/product"}],"wp:attachment":[{"href":"https:\/\/games.tactic.net\/sv\/wp-json\/wp\/v2\/media?parent=59761"}],"wp:term":[{"taxonomy":"product_brand","embeddable":true,"href":"https:\/\/games.tactic.net\/sv\/wp-json\/wp\/v2\/product_brand?post=59761"},{"taxonomy":"product_cat","embeddable":true,"href":"https:\/\/games.tactic.net\/sv\/wp-json\/wp\/v2\/product_cat?post=59761"},{"taxonomy":"product_tag","embeddable":true,"href":"https:\/\/games.tactic.net\/sv\/wp-json\/wp\/v2\/product_tag?post=59761"},{"taxonomy":"brand","embeddable":true,"href":"https:\/\/games.tactic.net\/sv\/wp-json\/wp\/v2\/brand?post=59761"},{"taxonomy":"target-group","embeddable":true,"href":"https:\/\/games.tactic.net\/sv\/wp-json\/wp\/v2\/target-group?post=59761"},{"taxonomy":"discontinued","embeddable":true,"href":"https:\/\/games.tactic.net\/sv\/wp-json\/wp\/v2\/discontinued?post=59761"}],"curies":[{"name":"wp","href":"https:\/\/api.w.org\/{rel}","templated":true}]}}