{"id":59746,"date":"2021-02-16T10:52:54","date_gmt":"2021-02-16T08:52:54","guid":{"rendered":"https:\/\/dev.tactic.net\/tuote\/bild-lotto\/"},"modified":"2023-10-25T13:50:48","modified_gmt":"2023-10-25T10:50:48","slug":"bild-lotto","status":"publish","type":"product","link":"https:\/\/games.tactic.net\/sv\/tuote\/bild-lotto\/","title":{"rendered":"Tactic Bild Lotto"},"content":{"rendered":"<p>V\u00e4nd en bricka och se om den finns p\u00e5 din lottobricka. Den spelare som f\u00f6rst fyller sin lottoplatta med nio brickor vinner spelet! Upp till 12 spelare kan spela. Passar \u00e4ven de yngsta. Fina Bilder!<\/p>\n","protected":false},"excerpt":{"rendered":"<p>V\u00e4nd en bricka och se om den finns p\u00e5 din lottoplatta! Den spelare som f\u00f6rst fyller sin lottoplatta med nio brickor vinner spelet!<\/p>\n","protected":false},"featured_media":0,"template":"","meta":{"content-type":"","_monsterinsights_skip_tracking":false,"_monsterinsights_sitenote_active":false,"_monsterinsights_sitenote_note":"","_monsterinsights_sitenote_category":0},"product_brand":[],"product_cat":[1567],"product_tag":[1235],"brand":[],"target-group":[],"discontinued":[],"class_list":{"0":"post-59746","1":"product","2":"type-product","3":"status-publish","5":"product_cat-memo-spel-barnspel","6":"product_tag-kombinera-sv","8":"first","9":"instock","10":"taxable","11":"shipping-taxable","12":"product-type-simple"},"aioseo_notices":[],"_links":{"self":[{"href":"https:\/\/games.tactic.net\/sv\/wp-json\/wp\/v2\/product\/59746","targetHints":{"allow":["GET"]}}],"collection":[{"href":"https:\/\/games.tactic.net\/sv\/wp-json\/wp\/v2\/product"}],"about":[{"href":"https:\/\/games.tactic.net\/sv\/wp-json\/wp\/v2\/types\/product"}],"wp:attachment":[{"href":"https:\/\/games.tactic.net\/sv\/wp-json\/wp\/v2\/media?parent=59746"}],"wp:term":[{"taxonomy":"product_brand","embeddable":true,"href":"https:\/\/games.tactic.net\/sv\/wp-json\/wp\/v2\/product_brand?post=59746"},{"taxonomy":"product_cat","embeddable":true,"href":"https:\/\/games.tactic.net\/sv\/wp-json\/wp\/v2\/product_cat?post=59746"},{"taxonomy":"product_tag","embeddable":true,"href":"https:\/\/games.tactic.net\/sv\/wp-json\/wp\/v2\/product_tag?post=59746"},{"taxonomy":"brand","embeddable":true,"href":"https:\/\/games.tactic.net\/sv\/wp-json\/wp\/v2\/brand?post=59746"},{"taxonomy":"target-group","embeddable":true,"href":"https:\/\/games.tactic.net\/sv\/wp-json\/wp\/v2\/target-group?post=59746"},{"taxonomy":"discontinued","embeddable":true,"href":"https:\/\/games.tactic.net\/sv\/wp-json\/wp\/v2\/discontinued?post=59746"}],"curies":[{"name":"wp","href":"https:\/\/api.w.org\/{rel}","templated":true}]}}