{"id":59744,"date":"2021-02-16T10:52:46","date_gmt":"2021-02-16T08:52:46","guid":{"rendered":"https:\/\/dev.tactic.net\/tuote\/kalaha\/"},"modified":"2021-10-13T09:41:11","modified_gmt":"2021-10-13T06:41:11","slug":"kalaha","status":"archive","type":"product","link":"https:\/\/games.tactic.net\/sv\/tuote\/kalaha\/","title":{"rendered":"Kalaha"},"content":{"rendered":"<div>Flytta runt dina kulor i sk\u00e5larna och f\u00f6rs\u00f6k att vinna din motst\u00e5ndares kulor.<\/div>\n<div><\/div>\n<div>\u2022 Klassiskt spel till f\u00f6rdelaktigt pris!<\/div>\n<div>\u2022 Beh\u00e4ndig ask \u2013 enkelt att ta med!<\/div>\n<div>\u2022 Enkla regler \u2013 l\u00e4tt att s\u00e4tta ig\u00e5ng!<\/div>\n","protected":false},"excerpt":{"rendered":"<p>Flytta runt dina kulor i sk\u00e5larna och f\u00f6rs\u00f6k att vinna din motst\u00e5ndares kulor.<\/p>\n","protected":false},"featured_media":0,"template":"","meta":{"content-type":"","_monsterinsights_skip_tracking":false,"_monsterinsights_sitenote_active":false,"_monsterinsights_sitenote_note":"","_monsterinsights_sitenote_category":0},"product_brand":[],"product_cat":[365],"product_tag":[932],"brand":[],"target-group":[],"discontinued":[],"class_list":{"0":"post-59744","1":"product","2":"type-product","3":"status-archive","5":"product_cat-familjespel","6":"product_tag-tidsfordriv","8":"first","9":"outofstock","10":"taxable","11":"shipping-taxable","12":"product-type-simple"},"aioseo_notices":[],"_links":{"self":[{"href":"https:\/\/games.tactic.net\/sv\/wp-json\/wp\/v2\/product\/59744","targetHints":{"allow":["GET"]}}],"collection":[{"href":"https:\/\/games.tactic.net\/sv\/wp-json\/wp\/v2\/product"}],"about":[{"href":"https:\/\/games.tactic.net\/sv\/wp-json\/wp\/v2\/types\/product"}],"wp:attachment":[{"href":"https:\/\/games.tactic.net\/sv\/wp-json\/wp\/v2\/media?parent=59744"}],"wp:term":[{"taxonomy":"product_brand","embeddable":true,"href":"https:\/\/games.tactic.net\/sv\/wp-json\/wp\/v2\/product_brand?post=59744"},{"taxonomy":"product_cat","embeddable":true,"href":"https:\/\/games.tactic.net\/sv\/wp-json\/wp\/v2\/product_cat?post=59744"},{"taxonomy":"product_tag","embeddable":true,"href":"https:\/\/games.tactic.net\/sv\/wp-json\/wp\/v2\/product_tag?post=59744"},{"taxonomy":"brand","embeddable":true,"href":"https:\/\/games.tactic.net\/sv\/wp-json\/wp\/v2\/brand?post=59744"},{"taxonomy":"target-group","embeddable":true,"href":"https:\/\/games.tactic.net\/sv\/wp-json\/wp\/v2\/target-group?post=59744"},{"taxonomy":"discontinued","embeddable":true,"href":"https:\/\/games.tactic.net\/sv\/wp-json\/wp\/v2\/discontinued?post=59744"}],"curies":[{"name":"wp","href":"https:\/\/api.w.org\/{rel}","templated":true}]}}