{"id":59743,"date":"2021-02-16T10:52:42","date_gmt":"2021-02-16T08:52:42","guid":{"rendered":"https:\/\/dev.tactic.net\/tuote\/loopin-louie\/"},"modified":"2023-10-25T14:21:09","modified_gmt":"2023-10-25T11:21:09","slug":"loopin-louie","status":"publish","type":"product","link":"https:\/\/games.tactic.net\/sv\/tuote\/loopin-louie\/","title":{"rendered":"Tactic Loopin\u00b4 Louie br\u00e4dspel"},"content":{"rendered":"<p>Louie \u00e4r heltokig \u2013 han loopar och svischar runt i luften och skr\u00e4mmer slag p\u00e5 kycklingarna! Var beredd med din paddel s\u00e5 att Louie inte tar alla dina kycklingar \u2013 f\u00f6r d\u00e5 f\u00f6rlorar du spelet! Spelaren som kan beh\u00e5lla sina kycklingar \u00e4r vinnare! Ett j\u00e4tteroligt och fartfyllt barnspel d\u00e4r det g\u00e4ller att vara snabb att trycka s\u00e5 att Louie flyger upp i luften och iv\u00e4g!<\/p>\n<p><img decoding=\"async\" src=\"https:\\\\\\\\games.tactic.net\\\\pic\\\\logo\\\\DK_2013_aarets_bornespil_.png\"><img decoding=\"async\" src=\"https:\\\\\\\\games.tactic.net\\\\pic\\\\logo\\\\Game_Of_The_Year.png\"><\/p>\n","protected":false},"excerpt":{"rendered":"<p>R\u00e4dda dina kycklingar i ett roligt och h\u00f6gtflygande spel!<\/p>\n","protected":false},"featured_media":0,"template":"","meta":{"content-type":"","_monsterinsights_skip_tracking":false,"_monsterinsights_sitenote_active":false,"_monsterinsights_sitenote_note":"","_monsterinsights_sitenote_category":0},"product_brand":[],"product_cat":[1462],"product_tag":[1226,857],"brand":[],"target-group":[],"discontinued":[],"class_list":{"0":"post-59743","1":"product","2":"type-product","3":"status-publish","5":"product_cat-bradspel-barnspel","6":"product_tag-hastighet-sv","7":"product_tag-tur","9":"first","10":"instock","11":"taxable","12":"shipping-taxable","13":"product-type-simple"},"aioseo_notices":[],"_links":{"self":[{"href":"https:\/\/games.tactic.net\/sv\/wp-json\/wp\/v2\/product\/59743","targetHints":{"allow":["GET"]}}],"collection":[{"href":"https:\/\/games.tactic.net\/sv\/wp-json\/wp\/v2\/product"}],"about":[{"href":"https:\/\/games.tactic.net\/sv\/wp-json\/wp\/v2\/types\/product"}],"wp:attachment":[{"href":"https:\/\/games.tactic.net\/sv\/wp-json\/wp\/v2\/media?parent=59743"}],"wp:term":[{"taxonomy":"product_brand","embeddable":true,"href":"https:\/\/games.tactic.net\/sv\/wp-json\/wp\/v2\/product_brand?post=59743"},{"taxonomy":"product_cat","embeddable":true,"href":"https:\/\/games.tactic.net\/sv\/wp-json\/wp\/v2\/product_cat?post=59743"},{"taxonomy":"product_tag","embeddable":true,"href":"https:\/\/games.tactic.net\/sv\/wp-json\/wp\/v2\/product_tag?post=59743"},{"taxonomy":"brand","embeddable":true,"href":"https:\/\/games.tactic.net\/sv\/wp-json\/wp\/v2\/brand?post=59743"},{"taxonomy":"target-group","embeddable":true,"href":"https:\/\/games.tactic.net\/sv\/wp-json\/wp\/v2\/target-group?post=59743"},{"taxonomy":"discontinued","embeddable":true,"href":"https:\/\/games.tactic.net\/sv\/wp-json\/wp\/v2\/discontinued?post=59743"}],"curies":[{"name":"wp","href":"https:\/\/api.w.org\/{rel}","templated":true}]}}