{"id":59712,"date":"2021-02-16T10:52:33","date_gmt":"2021-02-16T08:52:33","guid":{"rendered":"https:\/\/dev.tactic.net\/tuote\/junior-bingo\/"},"modified":"2023-10-25T14:19:10","modified_gmt":"2023-10-25T11:19:10","slug":"junior-bingo","status":"publish","type":"product","link":"https:\/\/games.tactic.net\/sv\/tuote\/junior-bingo\/","title":{"rendered":"Tactic Junior Bingo br\u00e4dspel"},"content":{"rendered":"<p>Junior Bingo \u00e4r ett f\u00e4rgglatt och roligt spel f\u00f6r barn i alla \u00e5ldrar. Snurra pilen och f\u00f6rs\u00f6k f\u00e5 fem bilder i rad p\u00e5 din bingobricka! Den spelare som f\u00f6rst f\u00e5r bingo vinner!<\/p>\n","protected":false},"excerpt":{"rendered":"<p>Junior Bingo \u00e4r ett f\u00e4rgglatt och roligt spel f\u00f6r barn i alla \u00e5ldrar. Snurra pilen och f\u00f6rs\u00f6k f\u00e5 fem bilder i rad p\u00e5 din bingobricka! ;Den spelare som f\u00f6rst f\u00e5r bingo vinner!<\/p>\n","protected":false},"featured_media":0,"template":"","meta":{"content-type":"","_monsterinsights_skip_tracking":false,"_monsterinsights_sitenote_active":false,"_monsterinsights_sitenote_note":"","_monsterinsights_sitenote_category":0},"product_brand":[],"product_cat":[1462],"product_tag":[1235,857],"brand":[],"target-group":[],"discontinued":[],"class_list":{"0":"post-59712","1":"product","2":"type-product","3":"status-publish","5":"product_cat-bradspel-barnspel","6":"product_tag-kombinera-sv","7":"product_tag-tur","9":"first","10":"instock","11":"taxable","12":"shipping-taxable","13":"product-type-simple"},"aioseo_notices":[],"_links":{"self":[{"href":"https:\/\/games.tactic.net\/sv\/wp-json\/wp\/v2\/product\/59712","targetHints":{"allow":["GET"]}}],"collection":[{"href":"https:\/\/games.tactic.net\/sv\/wp-json\/wp\/v2\/product"}],"about":[{"href":"https:\/\/games.tactic.net\/sv\/wp-json\/wp\/v2\/types\/product"}],"wp:attachment":[{"href":"https:\/\/games.tactic.net\/sv\/wp-json\/wp\/v2\/media?parent=59712"}],"wp:term":[{"taxonomy":"product_brand","embeddable":true,"href":"https:\/\/games.tactic.net\/sv\/wp-json\/wp\/v2\/product_brand?post=59712"},{"taxonomy":"product_cat","embeddable":true,"href":"https:\/\/games.tactic.net\/sv\/wp-json\/wp\/v2\/product_cat?post=59712"},{"taxonomy":"product_tag","embeddable":true,"href":"https:\/\/games.tactic.net\/sv\/wp-json\/wp\/v2\/product_tag?post=59712"},{"taxonomy":"brand","embeddable":true,"href":"https:\/\/games.tactic.net\/sv\/wp-json\/wp\/v2\/brand?post=59712"},{"taxonomy":"target-group","embeddable":true,"href":"https:\/\/games.tactic.net\/sv\/wp-json\/wp\/v2\/target-group?post=59712"},{"taxonomy":"discontinued","embeddable":true,"href":"https:\/\/games.tactic.net\/sv\/wp-json\/wp\/v2\/discontinued?post=59712"}],"curies":[{"name":"wp","href":"https:\/\/api.w.org\/{rel}","templated":true}]}}