{"id":59711,"date":"2021-02-16T10:52:27","date_gmt":"2021-02-16T08:52:27","guid":{"rendered":"https:\/\/dev.tactic.net\/tuote\/mexican-train\/"},"modified":"2023-10-06T16:39:47","modified_gmt":"2023-10-06T13:39:47","slug":"mexican-train","status":"publish","type":"product","link":"https:\/\/games.tactic.net\/sv\/tuote\/mexican-train\/","title":{"rendered":"Tactic Mexican Train resespel"},"content":{"rendered":"<p>Reseversion av ett av de mest popul\u00e4ra dominospel som spelas i v\u00e4rlden idag! L\u00e4tt att l\u00e4ra sig och otroligt roligt att spela! Inneh\u00e5ller 91 dubbla dominobrickor med siffror, 4 t\u00e5g och 4 brickst\u00e4ll samt ett regelh\u00e4fte.<\/p>\n","protected":false},"excerpt":{"rendered":"<p>Reseversion av ett av de mest popul\u00e4ra dominospel som spelas i v\u00e4rlden idag! L\u00e4tt att l\u00e4ra sig och otroligt roligt att spela! Inneh\u00e5ller 91 dubbla dominobrickor med siffror, 4 t\u00e5g och 4 brickst\u00e4ll samt ett regelh\u00e4fte.<\/p>\n","protected":false},"featured_media":0,"template":"","meta":{"content-type":"","_monsterinsights_skip_tracking":false,"_monsterinsights_sitenote_active":false,"_monsterinsights_sitenote_note":"","_monsterinsights_sitenote_category":0},"product_brand":[],"product_cat":[2030,813],"product_tag":[1235,1249],"brand":[],"target-group":[],"discontinued":[],"class_list":{"0":"post-59711","1":"product","2":"type-product","3":"status-publish","5":"product_cat-resespel-vuxenspel","6":"product_cat-resespel","7":"product_tag-kombinera-sv","8":"product_tag-skicklighet-sv","10":"first","11":"instock","12":"taxable","13":"shipping-taxable","14":"product-type-simple"},"aioseo_notices":[],"_links":{"self":[{"href":"https:\/\/games.tactic.net\/sv\/wp-json\/wp\/v2\/product\/59711","targetHints":{"allow":["GET"]}}],"collection":[{"href":"https:\/\/games.tactic.net\/sv\/wp-json\/wp\/v2\/product"}],"about":[{"href":"https:\/\/games.tactic.net\/sv\/wp-json\/wp\/v2\/types\/product"}],"wp:attachment":[{"href":"https:\/\/games.tactic.net\/sv\/wp-json\/wp\/v2\/media?parent=59711"}],"wp:term":[{"taxonomy":"product_brand","embeddable":true,"href":"https:\/\/games.tactic.net\/sv\/wp-json\/wp\/v2\/product_brand?post=59711"},{"taxonomy":"product_cat","embeddable":true,"href":"https:\/\/games.tactic.net\/sv\/wp-json\/wp\/v2\/product_cat?post=59711"},{"taxonomy":"product_tag","embeddable":true,"href":"https:\/\/games.tactic.net\/sv\/wp-json\/wp\/v2\/product_tag?post=59711"},{"taxonomy":"brand","embeddable":true,"href":"https:\/\/games.tactic.net\/sv\/wp-json\/wp\/v2\/brand?post=59711"},{"taxonomy":"target-group","embeddable":true,"href":"https:\/\/games.tactic.net\/sv\/wp-json\/wp\/v2\/target-group?post=59711"},{"taxonomy":"discontinued","embeddable":true,"href":"https:\/\/games.tactic.net\/sv\/wp-json\/wp\/v2\/discontinued?post=59711"}],"curies":[{"name":"wp","href":"https:\/\/api.w.org\/{rel}","templated":true}]}}