{"id":59710,"date":"2021-02-16T10:52:24","date_gmt":"2021-02-16T08:52:24","guid":{"rendered":"https:\/\/dev.tactic.net\/tuote\/charadspelet-for-barn\/"},"modified":"2023-10-06T16:38:08","modified_gmt":"2023-10-06T13:38:08","slug":"charadspelet-for-barn","status":"publish","type":"product","link":"https:\/\/games.tactic.net\/sv\/tuote\/charadspelet-for-barn\/","title":{"rendered":"Tactic Charadspelet f\u00f6r barn resespel"},"content":{"rendered":"<p>Kan du likna ett sp\u00f6ke som borstar t\u00e4nderna eller en groda som diskar? I detta charadspel f\u00e5r du spela teater och anv\u00e4nda gester utan att s\u00e4ga n\u00e5gra ord. Rulla de tv\u00e5 f\u00e4rg t\u00e4rningarna som best\u00e4mmer vem du ska vara och vad du ska g\u00f6ra. \u00d6vriga spelare f\u00f6rs\u00f6ker gissa medan du gestikulerar, agerar och mimar. De enkla bilderna till de yngre barnen g\u00f6r det l\u00e4tt f\u00f6r barn i alla \u00e5ldrar att spela spelet.<\/p>\n","protected":false},"excerpt":{"rendered":"<p>Kan du likna ett sp\u00f6ke som borstar t\u00e4nderna eller en groda som diskar? I detta charadspel f\u00e5r du spela teater och anv\u00e4nda gester utan att s\u00e4ga n\u00e5gra ord. De enkla bilderna till de yngre barnen g\u00f6r det l\u00e4tt f\u00f6r barn i alla \u00e5ldrar att spela spelet.<\/p>\n","protected":false},"featured_media":0,"template":"","meta":{"content-type":"","_monsterinsights_skip_tracking":false,"_monsterinsights_sitenote_active":false,"_monsterinsights_sitenote_note":"","_monsterinsights_sitenote_category":0},"product_brand":[],"product_cat":[1532],"product_tag":[],"brand":[],"target-group":[],"discontinued":[],"class_list":{"0":"post-59710","1":"product","2":"type-product","3":"status-publish","5":"product_cat-resespel-barnspel","7":"first","8":"instock","9":"taxable","10":"shipping-taxable","11":"product-type-simple"},"aioseo_notices":[],"_links":{"self":[{"href":"https:\/\/games.tactic.net\/sv\/wp-json\/wp\/v2\/product\/59710","targetHints":{"allow":["GET"]}}],"collection":[{"href":"https:\/\/games.tactic.net\/sv\/wp-json\/wp\/v2\/product"}],"about":[{"href":"https:\/\/games.tactic.net\/sv\/wp-json\/wp\/v2\/types\/product"}],"wp:attachment":[{"href":"https:\/\/games.tactic.net\/sv\/wp-json\/wp\/v2\/media?parent=59710"}],"wp:term":[{"taxonomy":"product_brand","embeddable":true,"href":"https:\/\/games.tactic.net\/sv\/wp-json\/wp\/v2\/product_brand?post=59710"},{"taxonomy":"product_cat","embeddable":true,"href":"https:\/\/games.tactic.net\/sv\/wp-json\/wp\/v2\/product_cat?post=59710"},{"taxonomy":"product_tag","embeddable":true,"href":"https:\/\/games.tactic.net\/sv\/wp-json\/wp\/v2\/product_tag?post=59710"},{"taxonomy":"brand","embeddable":true,"href":"https:\/\/games.tactic.net\/sv\/wp-json\/wp\/v2\/brand?post=59710"},{"taxonomy":"target-group","embeddable":true,"href":"https:\/\/games.tactic.net\/sv\/wp-json\/wp\/v2\/target-group?post=59710"},{"taxonomy":"discontinued","embeddable":true,"href":"https:\/\/games.tactic.net\/sv\/wp-json\/wp\/v2\/discontinued?post=59710"}],"curies":[{"name":"wp","href":"https:\/\/api.w.org\/{rel}","templated":true}]}}