{"id":59666,"date":"2021-02-16T10:52:17","date_gmt":"2021-02-16T08:52:17","guid":{"rendered":"https:\/\/dev.tactic.net\/tuote\/vad-kan-du-om-vin\/"},"modified":"2022-02-09T14:11:45","modified_gmt":"2022-02-09T12:11:45","slug":"vad-kan-du-om-vin","status":"archive","type":"product","link":"https:\/\/games.tactic.net\/sv\/tuote\/vad-kan-du-om-vin\/","title":{"rendered":"Vad kan du om Vin?"},"content":{"rendered":"<p>Vill du visa vad du kan om vin ?<br \/> <br \/>\nVill du l\u00e4ra dig mer?<\/p>\n<p>Det h\u00e4r s\u00e4llskapsspelet ger dig b\u00e5de kunskap och roliga stunder med v\u00e4nnerna. Perfekt format att ha med sig till middagsbjudningen! Roligt att spela fram\u00e5t kv\u00e4llen n\u00e4r middagen \u00e4r avslutad och st\u00e4mningen p\u00e5 topp!<\/p>\n<p>Spelet inneh\u00e5ller 240 fr\u00e5gor med flervalssvar, roliga h\u00e4ndelsekort och bildkort d\u00e4r du f\u00e5r tr\u00e4na ditt minne. Tack vare de olika elementen i spelet kan alla spela oavsett kunskapsniv\u00e5.<\/p>\n<p>Trevlig kv\u00e4ll!<\/p>\n","protected":false},"excerpt":{"rendered":"<p>Vill du visa vad du kan om vin ?<br \/> <br \/>\nVill du l\u00e4ra dig mer?<\/p>\n<p>Det h\u00e4r s\u00e4llskapsspelet ger dig b\u00e5de kunskap och roliga stunder med v\u00e4nnerna. Perfekt format att ha med sig till middagsbjudningen! Roligt att spela fram\u00e5t kv\u00e4llen n\u00e4r middagen \u00e4r avslutad och st\u00e4mningen p\u00e5 topp! <\/p>\n","protected":false},"featured_media":0,"template":"","meta":{"content-type":"","_monsterinsights_skip_tracking":false,"_monsterinsights_sitenote_active":false,"_monsterinsights_sitenote_note":"","_monsterinsights_sitenote_category":0},"product_brand":[],"product_cat":[1995],"product_tag":[849,1254],"brand":[],"target-group":[],"discontinued":[],"class_list":{"0":"post-59666","1":"product","2":"type-product","3":"status-archive","5":"product_cat-resespel-2","6":"product_tag-kunskap","7":"product_tag-pedagogisk-sv","9":"first","10":"outofstock","11":"taxable","12":"shipping-taxable","13":"product-type-simple"},"aioseo_notices":[],"_links":{"self":[{"href":"https:\/\/games.tactic.net\/sv\/wp-json\/wp\/v2\/product\/59666","targetHints":{"allow":["GET"]}}],"collection":[{"href":"https:\/\/games.tactic.net\/sv\/wp-json\/wp\/v2\/product"}],"about":[{"href":"https:\/\/games.tactic.net\/sv\/wp-json\/wp\/v2\/types\/product"}],"wp:attachment":[{"href":"https:\/\/games.tactic.net\/sv\/wp-json\/wp\/v2\/media?parent=59666"}],"wp:term":[{"taxonomy":"product_brand","embeddable":true,"href":"https:\/\/games.tactic.net\/sv\/wp-json\/wp\/v2\/product_brand?post=59666"},{"taxonomy":"product_cat","embeddable":true,"href":"https:\/\/games.tactic.net\/sv\/wp-json\/wp\/v2\/product_cat?post=59666"},{"taxonomy":"product_tag","embeddable":true,"href":"https:\/\/games.tactic.net\/sv\/wp-json\/wp\/v2\/product_tag?post=59666"},{"taxonomy":"brand","embeddable":true,"href":"https:\/\/games.tactic.net\/sv\/wp-json\/wp\/v2\/brand?post=59666"},{"taxonomy":"target-group","embeddable":true,"href":"https:\/\/games.tactic.net\/sv\/wp-json\/wp\/v2\/target-group?post=59666"},{"taxonomy":"discontinued","embeddable":true,"href":"https:\/\/games.tactic.net\/sv\/wp-json\/wp\/v2\/discontinued?post=59666"}],"curies":[{"name":"wp","href":"https:\/\/api.w.org\/{rel}","templated":true}]}}