{"id":59637,"date":"2021-02-16T10:52:13","date_gmt":"2021-02-16T08:52:13","guid":{"rendered":"https:\/\/dev.tactic.net\/tuote\/mini-molkky\/"},"modified":"2024-04-12T11:10:50","modified_gmt":"2024-04-12T08:10:50","slug":"mini-molkky","status":"archive","type":"product","link":"https:\/\/games.tactic.net\/sv\/tuote\/mini-molkky\/","title":{"rendered":"Mini M\u00f6lkky"},"content":{"rendered":"<p>Placera k\u00e4glorna t\u00e4tt tillsammans och kasta M\u00f6lkky kastk\u00e4glan. F\u00f6r att vinna m\u00e5ste du n\u00e5 exakt 50 po\u00e4ng \u2013 f\u00e5r du \u00f6ver 50 f\u00e5r du forts\u00e4tta fr\u00e5n 25.<\/p>\n","protected":false},"excerpt":{"rendered":"<p>Placera k\u00e4glorna t\u00e4tt tillsammans och kasta M\u00f6lkky kastk\u00e4glan. F\u00f6r att vinna m\u00e5ste du n\u00e5 exakt 50 po\u00e4ng \u2013 f\u00e5r du \u00f6ver 50 f\u00e5r du forts\u00e4tta fr\u00e5n 25.<\/p>\n","protected":false},"featured_media":0,"template":"","meta":{"content-type":"","_monsterinsights_skip_tracking":false,"_monsterinsights_sitenote_active":false,"_monsterinsights_sitenote_note":"","_monsterinsights_sitenote_category":0},"product_brand":[],"product_cat":[1553],"product_tag":[1240,1249,1265],"brand":[{"id":1217,"name":"M\u00f6lkky","slug":"molkky_se"}],"target-group":[],"discontinued":[],"class_list":{"0":"post-59637","1":"product","2":"type-product","3":"status-archive","5":"product_cat-utomhus-spel","6":"product_tag-rakning-sv","7":"product_tag-skicklighet-sv","8":"product_tag-taktik-sv","9":"brand-molkky_se","11":"first","12":"outofstock","13":"taxable","14":"shipping-taxable","15":"product-type-simple"},"aioseo_notices":[],"_links":{"self":[{"href":"https:\/\/games.tactic.net\/sv\/wp-json\/wp\/v2\/product\/59637","targetHints":{"allow":["GET"]}}],"collection":[{"href":"https:\/\/games.tactic.net\/sv\/wp-json\/wp\/v2\/product"}],"about":[{"href":"https:\/\/games.tactic.net\/sv\/wp-json\/wp\/v2\/types\/product"}],"wp:attachment":[{"href":"https:\/\/games.tactic.net\/sv\/wp-json\/wp\/v2\/media?parent=59637"}],"wp:term":[{"taxonomy":"product_brand","embeddable":true,"href":"https:\/\/games.tactic.net\/sv\/wp-json\/wp\/v2\/product_brand?post=59637"},{"taxonomy":"product_cat","embeddable":true,"href":"https:\/\/games.tactic.net\/sv\/wp-json\/wp\/v2\/product_cat?post=59637"},{"taxonomy":"product_tag","embeddable":true,"href":"https:\/\/games.tactic.net\/sv\/wp-json\/wp\/v2\/product_tag?post=59637"},{"taxonomy":"brand","embeddable":true,"href":"https:\/\/games.tactic.net\/sv\/wp-json\/wp\/v2\/brand?post=59637"},{"taxonomy":"target-group","embeddable":true,"href":"https:\/\/games.tactic.net\/sv\/wp-json\/wp\/v2\/target-group?post=59637"},{"taxonomy":"discontinued","embeddable":true,"href":"https:\/\/games.tactic.net\/sv\/wp-json\/wp\/v2\/discontinued?post=59637"}],"curies":[{"name":"wp","href":"https:\/\/api.w.org\/{rel}","templated":true}]}}