{"id":59636,"date":"2021-02-16T10:52:07","date_gmt":"2021-02-16T08:52:07","guid":{"rendered":"https:\/\/dev.tactic.net\/tuote\/collection-classique-yatzy\/"},"modified":"2023-10-25T15:56:16","modified_gmt":"2023-10-25T12:56:16","slug":"collection-classique-yatzy","status":"publish","type":"product","link":"https:\/\/games.tactic.net\/sv\/tuote\/collection-classique-yatzy\/","title":{"rendered":"Tactic Yatzy med kopp"},"content":{"rendered":"<p>Det klassiska och poul\u00e4ra Yatzy-spelet nu i exklusivare version med kopp. Skaka och rulla t\u00e4rningarna och f\u00e5 ihop de b\u00e4sta kombinationerna. Vem n\u00e5r h\u00f6gst antal po\u00e4ng?<\/p>\n","protected":false},"excerpt":{"rendered":"<p>Det klassiska och poul\u00e4ra Yatzy-spelet nu i exklusivare version med kopp.<\/p>\n","protected":false},"featured_media":0,"template":"","meta":{"content-type":"","_monsterinsights_skip_tracking":false,"_monsterinsights_sitenote_active":false,"_monsterinsights_sitenote_note":"","_monsterinsights_sitenote_category":0},"product_brand":[],"product_cat":[1563,1578],"product_tag":[1235,1240,857],"brand":[],"target-group":[],"discontinued":[],"class_list":{"0":"post-59636","1":"product","2":"type-product","3":"status-publish","5":"product_cat-kort-och-tarningsspel","6":"product_cat-kort-och-tarningsspel-familjespel","7":"product_tag-kombinera-sv","8":"product_tag-rakning-sv","9":"product_tag-tur","11":"first","12":"instock","13":"taxable","14":"shipping-taxable","15":"product-type-simple"},"aioseo_notices":[],"_links":{"self":[{"href":"https:\/\/games.tactic.net\/sv\/wp-json\/wp\/v2\/product\/59636","targetHints":{"allow":["GET"]}}],"collection":[{"href":"https:\/\/games.tactic.net\/sv\/wp-json\/wp\/v2\/product"}],"about":[{"href":"https:\/\/games.tactic.net\/sv\/wp-json\/wp\/v2\/types\/product"}],"wp:attachment":[{"href":"https:\/\/games.tactic.net\/sv\/wp-json\/wp\/v2\/media?parent=59636"}],"wp:term":[{"taxonomy":"product_brand","embeddable":true,"href":"https:\/\/games.tactic.net\/sv\/wp-json\/wp\/v2\/product_brand?post=59636"},{"taxonomy":"product_cat","embeddable":true,"href":"https:\/\/games.tactic.net\/sv\/wp-json\/wp\/v2\/product_cat?post=59636"},{"taxonomy":"product_tag","embeddable":true,"href":"https:\/\/games.tactic.net\/sv\/wp-json\/wp\/v2\/product_tag?post=59636"},{"taxonomy":"brand","embeddable":true,"href":"https:\/\/games.tactic.net\/sv\/wp-json\/wp\/v2\/brand?post=59636"},{"taxonomy":"target-group","embeddable":true,"href":"https:\/\/games.tactic.net\/sv\/wp-json\/wp\/v2\/target-group?post=59636"},{"taxonomy":"discontinued","embeddable":true,"href":"https:\/\/games.tactic.net\/sv\/wp-json\/wp\/v2\/discontinued?post=59636"}],"curies":[{"name":"wp","href":"https:\/\/api.w.org\/{rel}","templated":true}]}}