{"id":59619,"date":"2021-02-16T10:51:57","date_gmt":"2021-02-16T08:51:57","guid":{"rendered":"https:\/\/dev.tactic.net\/tuote\/collection-classique-backgammon\/"},"modified":"2023-10-25T15:51:54","modified_gmt":"2023-10-25T12:51:54","slug":"collection-classique-backgammon","status":"publish","type":"product","link":"https:\/\/games.tactic.net\/sv\/tuote\/collection-classique-backgammon\/","title":{"rendered":"Tactic Rustic Backgammon br\u00e4dspel"},"content":{"rendered":"<p>Klassiskt backgammon av tr\u00e4 och i exklusivt utf\u00f6rande.<\/p>\n","protected":false},"excerpt":{"rendered":"<p>Klassiskt backgammon av tr\u00e4 och i exklusivt utf\u00f6rande.<\/p>\n","protected":false},"featured_media":0,"template":"","meta":{"content-type":"","_monsterinsights_skip_tracking":false,"_monsterinsights_sitenote_active":false,"_monsterinsights_sitenote_note":"","_monsterinsights_sitenote_category":0},"product_brand":[],"product_cat":[1525,1577],"product_tag":[1238,1265,857],"brand":[],"target-group":[],"discontinued":[],"class_list":{"0":"post-59619","1":"product","2":"type-product","3":"status-publish","5":"product_cat-klassiker","6":"product_cat-klassiska-spel-vuxenspel","7":"product_tag-strategi-sv","8":"product_tag-taktik-sv","9":"product_tag-tur","11":"first","12":"instock","13":"taxable","14":"shipping-taxable","15":"product-type-simple"},"aioseo_notices":[],"_links":{"self":[{"href":"https:\/\/games.tactic.net\/sv\/wp-json\/wp\/v2\/product\/59619","targetHints":{"allow":["GET"]}}],"collection":[{"href":"https:\/\/games.tactic.net\/sv\/wp-json\/wp\/v2\/product"}],"about":[{"href":"https:\/\/games.tactic.net\/sv\/wp-json\/wp\/v2\/types\/product"}],"wp:attachment":[{"href":"https:\/\/games.tactic.net\/sv\/wp-json\/wp\/v2\/media?parent=59619"}],"wp:term":[{"taxonomy":"product_brand","embeddable":true,"href":"https:\/\/games.tactic.net\/sv\/wp-json\/wp\/v2\/product_brand?post=59619"},{"taxonomy":"product_cat","embeddable":true,"href":"https:\/\/games.tactic.net\/sv\/wp-json\/wp\/v2\/product_cat?post=59619"},{"taxonomy":"product_tag","embeddable":true,"href":"https:\/\/games.tactic.net\/sv\/wp-json\/wp\/v2\/product_tag?post=59619"},{"taxonomy":"brand","embeddable":true,"href":"https:\/\/games.tactic.net\/sv\/wp-json\/wp\/v2\/brand?post=59619"},{"taxonomy":"target-group","embeddable":true,"href":"https:\/\/games.tactic.net\/sv\/wp-json\/wp\/v2\/target-group?post=59619"},{"taxonomy":"discontinued","embeddable":true,"href":"https:\/\/games.tactic.net\/sv\/wp-json\/wp\/v2\/discontinued?post=59619"}],"curies":[{"name":"wp","href":"https:\/\/api.w.org\/{rel}","templated":true}]}}