{"id":59617,"date":"2021-02-16T10:51:51","date_gmt":"2021-02-16T08:51:51","guid":{"rendered":"https:\/\/dev.tactic.net\/tuote\/fragekort-i-kortspelsask-sport-fritid\/"},"modified":"2023-10-25T17:01:05","modified_gmt":"2023-10-25T14:01:05","slug":"fragekort-i-kortspelsask-sport-fritid","status":"publish","type":"product","link":"https:\/\/games.tactic.net\/sv\/tuote\/fragekort-i-kortspelsask-sport-fritid\/","title":{"rendered":"Tactic Fr\u00e5gekort i Kortspelsask Sport och Fritid"},"content":{"rendered":"<p>FR\u00c5GESPORT PERFEKT P\u00c5 RESAN! 5 olika teman: Jorden runt, Djur &amp; Natur, F\u00f6r hela familjen, Sport &amp; Fritid och Sverige. V\u00e4lj en av de sex fr\u00e5gorna p\u00e5 kortet. Beh\u00e5ll kortet om du svarade r\u00e4tt. F\u00f6rst till sex kort vinner. Varje artikelnummer kommer i en display om tolv.<\/p>\n","protected":false},"excerpt":{"rendered":"<p>FR\u00c5GESPORT PERFEKT P\u00c5 RESAN! 9 olika teman: Jorden runt, Djur &#038; natur, F\u00f6r hela familjen, Musik &#038; underh\u00e5llning, B\u00f6cker &#038; film samt Sport &#038; fritid och nyheter Sverige, Mat&#038;Vin samt Melodifestivalen. Varje kortspelsask fr\u00e5gorna p\u00e5 kortet. Beh\u00e5ll kortet om du svarade r\u00e4tt. F\u00f6rst till sex kort vinner. Varje artikelnummer kommer i en display om tolv.<\/p>\n","protected":false},"featured_media":0,"template":"","meta":{"content-type":"","_monsterinsights_skip_tracking":false,"_monsterinsights_sitenote_active":false,"_monsterinsights_sitenote_note":"","_monsterinsights_sitenote_category":0},"product_brand":[],"product_cat":[1563,1578],"product_tag":[],"brand":[],"target-group":[],"discontinued":[],"class_list":{"0":"post-59617","1":"product","2":"type-product","3":"status-publish","5":"product_cat-kort-och-tarningsspel","6":"product_cat-kort-och-tarningsspel-familjespel","8":"first","9":"instock","10":"taxable","11":"shipping-taxable","12":"product-type-simple"},"aioseo_notices":[],"_links":{"self":[{"href":"https:\/\/games.tactic.net\/sv\/wp-json\/wp\/v2\/product\/59617","targetHints":{"allow":["GET"]}}],"collection":[{"href":"https:\/\/games.tactic.net\/sv\/wp-json\/wp\/v2\/product"}],"about":[{"href":"https:\/\/games.tactic.net\/sv\/wp-json\/wp\/v2\/types\/product"}],"wp:attachment":[{"href":"https:\/\/games.tactic.net\/sv\/wp-json\/wp\/v2\/media?parent=59617"}],"wp:term":[{"taxonomy":"product_brand","embeddable":true,"href":"https:\/\/games.tactic.net\/sv\/wp-json\/wp\/v2\/product_brand?post=59617"},{"taxonomy":"product_cat","embeddable":true,"href":"https:\/\/games.tactic.net\/sv\/wp-json\/wp\/v2\/product_cat?post=59617"},{"taxonomy":"product_tag","embeddable":true,"href":"https:\/\/games.tactic.net\/sv\/wp-json\/wp\/v2\/product_tag?post=59617"},{"taxonomy":"brand","embeddable":true,"href":"https:\/\/games.tactic.net\/sv\/wp-json\/wp\/v2\/brand?post=59617"},{"taxonomy":"target-group","embeddable":true,"href":"https:\/\/games.tactic.net\/sv\/wp-json\/wp\/v2\/target-group?post=59617"},{"taxonomy":"discontinued","embeddable":true,"href":"https:\/\/games.tactic.net\/sv\/wp-json\/wp\/v2\/discontinued?post=59617"}],"curies":[{"name":"wp","href":"https:\/\/api.w.org\/{rel}","templated":true}]}}