{"id":59572,"date":"2021-02-16T10:51:41","date_gmt":"2021-02-16T08:51:41","guid":{"rendered":"https:\/\/dev.tactic.net\/tuote\/fragekort-i-kortspelsask-jorden-runt\/"},"modified":"2023-10-25T17:00:58","modified_gmt":"2023-10-25T14:00:58","slug":"fragekort-i-kortspelsask-jorden-runt","status":"publish","type":"product","link":"https:\/\/games.tactic.net\/sv\/tuote\/fragekort-i-kortspelsask-jorden-runt\/","title":{"rendered":"Tactic Fr\u00e5gekort i Kortspelsask Jorden Runt"},"content":{"rendered":"<p>FR\u00c5GESPORT PERFEKT P\u00c5 RESAN! 5 olika teman: Jorden runt, Djur &amp; Natur, F\u00f6r hela familjen, Sport &amp; Fritid och Sverige. V\u00e4lj en av de sex fr\u00e5gorna p\u00e5 kortet. Beh\u00e5ll kortet om du svarade r\u00e4tt. F\u00f6rst till sex kort vinner. Varje artikelnummer kommer i en display om tolv.<\/p>\n","protected":false},"excerpt":{"rendered":"<p>FR\u00c5GESPORT PERFEKT P\u00c5 RESAN! 9 olika teman: Jorden runt, Djur &amp; natur, F\u00f6r hela familjen, Musik &amp; underh\u00e5llning, B\u00f6cker &amp; film samt Sport &amp; fritid och nyheter Sverige, Mat&amp;Vin samt Melodifestivalen.<\/p>\n","protected":false},"featured_media":0,"template":"","meta":{"content-type":"","_monsterinsights_skip_tracking":false,"_monsterinsights_sitenote_active":false,"_monsterinsights_sitenote_note":"","_monsterinsights_sitenote_category":0},"product_brand":[],"product_cat":[1563,1578],"product_tag":[849,1254],"brand":[],"target-group":[],"discontinued":[],"class_list":{"0":"post-59572","1":"product","2":"type-product","3":"status-publish","5":"product_cat-kort-och-tarningsspel","6":"product_cat-kort-och-tarningsspel-familjespel","7":"product_tag-kunskap","8":"product_tag-pedagogisk-sv","10":"first","11":"instock","12":"taxable","13":"shipping-taxable","14":"product-type-simple"},"aioseo_notices":[],"_links":{"self":[{"href":"https:\/\/games.tactic.net\/sv\/wp-json\/wp\/v2\/product\/59572","targetHints":{"allow":["GET"]}}],"collection":[{"href":"https:\/\/games.tactic.net\/sv\/wp-json\/wp\/v2\/product"}],"about":[{"href":"https:\/\/games.tactic.net\/sv\/wp-json\/wp\/v2\/types\/product"}],"wp:attachment":[{"href":"https:\/\/games.tactic.net\/sv\/wp-json\/wp\/v2\/media?parent=59572"}],"wp:term":[{"taxonomy":"product_brand","embeddable":true,"href":"https:\/\/games.tactic.net\/sv\/wp-json\/wp\/v2\/product_brand?post=59572"},{"taxonomy":"product_cat","embeddable":true,"href":"https:\/\/games.tactic.net\/sv\/wp-json\/wp\/v2\/product_cat?post=59572"},{"taxonomy":"product_tag","embeddable":true,"href":"https:\/\/games.tactic.net\/sv\/wp-json\/wp\/v2\/product_tag?post=59572"},{"taxonomy":"brand","embeddable":true,"href":"https:\/\/games.tactic.net\/sv\/wp-json\/wp\/v2\/brand?post=59572"},{"taxonomy":"target-group","embeddable":true,"href":"https:\/\/games.tactic.net\/sv\/wp-json\/wp\/v2\/target-group?post=59572"},{"taxonomy":"discontinued","embeddable":true,"href":"https:\/\/games.tactic.net\/sv\/wp-json\/wp\/v2\/discontinued?post=59572"}],"curies":[{"name":"wp","href":"https:\/\/api.w.org\/{rel}","templated":true}]}}