{"id":59557,"date":"2021-02-16T10:51:38","date_gmt":"2021-02-16T08:51:38","guid":{"rendered":"https:\/\/dev.tactic.net\/tuote\/vi-lar-oss-bokstaver\/"},"modified":"2023-10-25T14:23:27","modified_gmt":"2023-10-25T11:23:27","slug":"vi-lar-oss-bokstaver","status":"publish","type":"product","link":"https:\/\/games.tactic.net\/sv\/tuote\/vi-lar-oss-bokstaver\/","title":{"rendered":"Tactic Vi l\u00e4r oss Bokst\u00e4ver"},"content":{"rendered":"<p>L\u00e4r med biet Tico \u2013 ett kul s\u00e4tt inf\u00f6r skolstarten! Du l\u00e4r bokst\u00e4verna fr\u00e5n A-\u00d6 och att stava enkla ord i fyra olika spelvarianter. De f\u00e4rgglada bilderna och de m\u00e5nga bokstavsbrickorna g\u00f6r det kul att l\u00e4ra!<\/p>\n","protected":false},"excerpt":{"rendered":"<p>L\u00e4r med biet Tico \u2013 ett kul s\u00e4tt inf\u00f6r skolstarten! Du l\u00e4r bokst\u00e4verna fr\u00e5n A-\u00d6 och att stava enkla ord i fyra olika spelvarianter. De f\u00e4rgglada bilderna och de m\u00e5nga bokstavsbrickorna g\u00f6r det kul att l\u00e4ra!<\/p>\n","protected":false},"featured_media":0,"template":"","meta":{"content-type":"","_monsterinsights_skip_tracking":false,"_monsterinsights_sitenote_active":false,"_monsterinsights_sitenote_note":"","_monsterinsights_sitenote_category":0},"product_brand":[],"product_cat":[1519],"product_tag":[1254],"brand":[],"target-group":[],"discontinued":[],"class_list":{"0":"post-59557","1":"product","2":"type-product","3":"status-publish","5":"product_cat-lar-spel-barnspel","6":"product_tag-pedagogisk-sv","8":"first","9":"instock","10":"taxable","11":"shipping-taxable","12":"product-type-simple"},"aioseo_notices":[],"_links":{"self":[{"href":"https:\/\/games.tactic.net\/sv\/wp-json\/wp\/v2\/product\/59557","targetHints":{"allow":["GET"]}}],"collection":[{"href":"https:\/\/games.tactic.net\/sv\/wp-json\/wp\/v2\/product"}],"about":[{"href":"https:\/\/games.tactic.net\/sv\/wp-json\/wp\/v2\/types\/product"}],"wp:attachment":[{"href":"https:\/\/games.tactic.net\/sv\/wp-json\/wp\/v2\/media?parent=59557"}],"wp:term":[{"taxonomy":"product_brand","embeddable":true,"href":"https:\/\/games.tactic.net\/sv\/wp-json\/wp\/v2\/product_brand?post=59557"},{"taxonomy":"product_cat","embeddable":true,"href":"https:\/\/games.tactic.net\/sv\/wp-json\/wp\/v2\/product_cat?post=59557"},{"taxonomy":"product_tag","embeddable":true,"href":"https:\/\/games.tactic.net\/sv\/wp-json\/wp\/v2\/product_tag?post=59557"},{"taxonomy":"brand","embeddable":true,"href":"https:\/\/games.tactic.net\/sv\/wp-json\/wp\/v2\/brand?post=59557"},{"taxonomy":"target-group","embeddable":true,"href":"https:\/\/games.tactic.net\/sv\/wp-json\/wp\/v2\/target-group?post=59557"},{"taxonomy":"discontinued","embeddable":true,"href":"https:\/\/games.tactic.net\/sv\/wp-json\/wp\/v2\/discontinued?post=59557"}],"curies":[{"name":"wp","href":"https:\/\/api.w.org\/{rel}","templated":true}]}}