{"id":59528,"date":"2021-02-16T10:51:34","date_gmt":"2021-02-16T08:51:34","guid":{"rendered":"https:\/\/dev.tactic.net\/tuote\/vi-lar-oss-siffror\/"},"modified":"2023-10-25T14:23:39","modified_gmt":"2023-10-25T11:23:39","slug":"vi-lar-oss-siffror","status":"publish","type":"product","link":"https:\/\/games.tactic.net\/sv\/tuote\/vi-lar-oss-siffror\/","title":{"rendered":"Tactic Vi l\u00e4r oss Siffror"},"content":{"rendered":"<p>L\u00e4r med biet Tico \u2013 ett kul s\u00e4tt inf\u00f6r skolstarten! Du l\u00e4r dig siffrorna fr\u00e5n 1-12 och enkla r\u00e4knetal! Ett roligt och enkelt spel f\u00f6r barn som vill l\u00e4ra sig att r\u00e4kna. L\u00f6s uppgifterna och l\u00e4gg brickorna p\u00e5 spelplanen. Om du l\u00e4gger alla p\u00e5 r\u00e4tt st\u00e4lle f\u00e5r du en fin bild p\u00e5 Tico p\u00e5 spelplanens baksida!<\/p>\n","protected":false},"excerpt":{"rendered":"<p>L\u00e4r med biet Tico \u2013 ett kul s\u00e4tt inf\u00f6r skolstarten! Du l\u00e4r dig siffrorna fr\u00e5n 1-12 och enkla r\u00e4knetal! Ett roligt och enkelt spel f\u00f6r barn som vill l\u00e4ra sig att r\u00e4kna.<\/p>\n","protected":false},"featured_media":0,"template":"","meta":{"content-type":"","_monsterinsights_skip_tracking":false,"_monsterinsights_sitenote_active":false,"_monsterinsights_sitenote_note":"","_monsterinsights_sitenote_category":0},"product_brand":[],"product_cat":[1519],"product_tag":[1254],"brand":[],"target-group":[],"discontinued":[],"class_list":{"0":"post-59528","1":"product","2":"type-product","3":"status-publish","5":"product_cat-lar-spel-barnspel","6":"product_tag-pedagogisk-sv","8":"first","9":"instock","10":"taxable","11":"shipping-taxable","12":"product-type-simple"},"aioseo_notices":[],"_links":{"self":[{"href":"https:\/\/games.tactic.net\/sv\/wp-json\/wp\/v2\/product\/59528","targetHints":{"allow":["GET"]}}],"collection":[{"href":"https:\/\/games.tactic.net\/sv\/wp-json\/wp\/v2\/product"}],"about":[{"href":"https:\/\/games.tactic.net\/sv\/wp-json\/wp\/v2\/types\/product"}],"wp:attachment":[{"href":"https:\/\/games.tactic.net\/sv\/wp-json\/wp\/v2\/media?parent=59528"}],"wp:term":[{"taxonomy":"product_brand","embeddable":true,"href":"https:\/\/games.tactic.net\/sv\/wp-json\/wp\/v2\/product_brand?post=59528"},{"taxonomy":"product_cat","embeddable":true,"href":"https:\/\/games.tactic.net\/sv\/wp-json\/wp\/v2\/product_cat?post=59528"},{"taxonomy":"product_tag","embeddable":true,"href":"https:\/\/games.tactic.net\/sv\/wp-json\/wp\/v2\/product_tag?post=59528"},{"taxonomy":"brand","embeddable":true,"href":"https:\/\/games.tactic.net\/sv\/wp-json\/wp\/v2\/brand?post=59528"},{"taxonomy":"target-group","embeddable":true,"href":"https:\/\/games.tactic.net\/sv\/wp-json\/wp\/v2\/target-group?post=59528"},{"taxonomy":"discontinued","embeddable":true,"href":"https:\/\/games.tactic.net\/sv\/wp-json\/wp\/v2\/discontinued?post=59528"}],"curies":[{"name":"wp","href":"https:\/\/api.w.org\/{rel}","templated":true}]}}