{"id":59499,"date":"2021-02-16T10:51:30","date_gmt":"2021-02-16T08:51:30","guid":{"rendered":"https:\/\/dev.tactic.net\/tuote\/var-ar-katten-mitt-forsta-spel\/"},"modified":"2024-04-12T11:03:03","modified_gmt":"2024-04-12T08:03:03","slug":"var-ar-katten-mitt-forsta-spel","status":"archive","type":"product","link":"https:\/\/games.tactic.net\/sv\/tuote\/var-ar-katten-mitt-forsta-spel\/","title":{"rendered":"Var \u00e4r katten? \u2013 Mitt f\u00f6rsta spel"},"content":{"rendered":"<p>Leta efter katterna bland de m\u00e5nga brickorna samtidigt som du l\u00e4r dig f\u00e4rger! Ett nytt spel i den popul\u00e4ra \u201dMitt f\u00f6rsta spel-serien\u201d. 30 brickor f\u00f6rest\u00e4ller antingen katter eller m\u00f6ss, och baksidorna har olika f\u00e4rger. Sprid ut brickorna med baksidan upp. Sl\u00e5 den stora f\u00e4rgt\u00e4rningen i tr\u00e4 och ta upp en bricka med motsvarande f\u00e4rg. \u00c4r det en katt? Beh\u00e5ll brickan! \u00c4r det en mus? V\u00e4nd upp brickan men l\u00e5t den ligga kvar. N\u00e4r bara m\u00f6ss \u00e4r kvar p\u00e5 bordet har den som f\u00e5tt flest katter vunnit.<\/p>\n","protected":false},"excerpt":{"rendered":"<p>Leta efter katterna bland de m\u00e5nga brickorna samtidigt som du l\u00e4r dig f\u00e4rger! Ett nytt spel i den popul\u00e4ra \u201dMitt f\u00f6rsta spel-serien\u201d. 30 brickor f\u00f6rest\u00e4ller antingen katter eller m\u00f6ss, och baksidorna har olika f\u00e4rger.<\/p>\n","protected":false},"featured_media":0,"template":"","meta":{"content-type":"","_monsterinsights_skip_tracking":false,"_monsterinsights_sitenote_active":false,"_monsterinsights_sitenote_note":"","_monsterinsights_sitenote_category":0},"product_brand":[],"product_cat":[1462],"product_tag":[],"brand":[],"target-group":[],"discontinued":[],"class_list":{"0":"post-59499","1":"product","2":"type-product","3":"status-archive","5":"product_cat-bradspel-barnspel","7":"first","8":"outofstock","9":"taxable","10":"shipping-taxable","11":"product-type-simple"},"aioseo_notices":[],"_links":{"self":[{"href":"https:\/\/games.tactic.net\/sv\/wp-json\/wp\/v2\/product\/59499","targetHints":{"allow":["GET"]}}],"collection":[{"href":"https:\/\/games.tactic.net\/sv\/wp-json\/wp\/v2\/product"}],"about":[{"href":"https:\/\/games.tactic.net\/sv\/wp-json\/wp\/v2\/types\/product"}],"wp:attachment":[{"href":"https:\/\/games.tactic.net\/sv\/wp-json\/wp\/v2\/media?parent=59499"}],"wp:term":[{"taxonomy":"product_brand","embeddable":true,"href":"https:\/\/games.tactic.net\/sv\/wp-json\/wp\/v2\/product_brand?post=59499"},{"taxonomy":"product_cat","embeddable":true,"href":"https:\/\/games.tactic.net\/sv\/wp-json\/wp\/v2\/product_cat?post=59499"},{"taxonomy":"product_tag","embeddable":true,"href":"https:\/\/games.tactic.net\/sv\/wp-json\/wp\/v2\/product_tag?post=59499"},{"taxonomy":"brand","embeddable":true,"href":"https:\/\/games.tactic.net\/sv\/wp-json\/wp\/v2\/brand?post=59499"},{"taxonomy":"target-group","embeddable":true,"href":"https:\/\/games.tactic.net\/sv\/wp-json\/wp\/v2\/target-group?post=59499"},{"taxonomy":"discontinued","embeddable":true,"href":"https:\/\/games.tactic.net\/sv\/wp-json\/wp\/v2\/discontinued?post=59499"}],"curies":[{"name":"wp","href":"https:\/\/api.w.org\/{rel}","templated":true}]}}