{"id":59470,"date":"2021-02-16T10:51:26","date_gmt":"2021-02-16T08:51:26","guid":{"rendered":"https:\/\/dev.tactic.net\/tuote\/top-magic-xxl-magic-box\/"},"modified":"2023-10-25T14:02:23","modified_gmt":"2023-10-25T11:02:23","slug":"top-magic-xxl-magic-box","status":"publish","type":"product","link":"https:\/\/games.tactic.net\/sv\/tuote\/top-magic-xxl-magic-box\/","title":{"rendered":"Tactic Top Magic XXL Magic Box"},"content":{"rendered":"<p>Massor av sp\u00e4nnande trick i denna XXL-l\u00e5da! Denna fantastiska l\u00e5da inneh\u00e5ller roliga och sp\u00e4nnande saker som ger dig som trollkarl massor av trick. Instruktionerna \u00e4r enkla och tydliga att f\u00f6lja. L\u00e4tt att l\u00e4ra men f\u00f6rbluffande att \u00e5sk\u00e5da. Trolleri har aldrig varit st\u00f6rre!<\/p>\n","protected":false},"excerpt":{"rendered":"<p>Massor av sp\u00e4nnande trick i denna XXL-l\u00e5da! Denna fantastiska l\u00e5da inneh\u00e5ller roliga och sp\u00e4nnande saker som ger dig som trollkarl massor av trick.<\/p>\n","protected":false},"featured_media":0,"template":"","meta":{"content-type":"","_monsterinsights_skip_tracking":false,"_monsterinsights_sitenote_active":false,"_monsterinsights_sitenote_note":"","_monsterinsights_sitenote_category":0},"product_brand":[],"product_cat":[1616],"product_tag":[],"brand":[],"target-group":[],"discontinued":[],"class_list":{"0":"post-59470","1":"product","2":"type-product","3":"status-publish","5":"product_cat-magiska-trick-och-skamt","7":"first","8":"instock","9":"taxable","10":"shipping-taxable","11":"product-type-simple"},"aioseo_notices":[],"_links":{"self":[{"href":"https:\/\/games.tactic.net\/sv\/wp-json\/wp\/v2\/product\/59470","targetHints":{"allow":["GET"]}}],"collection":[{"href":"https:\/\/games.tactic.net\/sv\/wp-json\/wp\/v2\/product"}],"about":[{"href":"https:\/\/games.tactic.net\/sv\/wp-json\/wp\/v2\/types\/product"}],"wp:attachment":[{"href":"https:\/\/games.tactic.net\/sv\/wp-json\/wp\/v2\/media?parent=59470"}],"wp:term":[{"taxonomy":"product_brand","embeddable":true,"href":"https:\/\/games.tactic.net\/sv\/wp-json\/wp\/v2\/product_brand?post=59470"},{"taxonomy":"product_cat","embeddable":true,"href":"https:\/\/games.tactic.net\/sv\/wp-json\/wp\/v2\/product_cat?post=59470"},{"taxonomy":"product_tag","embeddable":true,"href":"https:\/\/games.tactic.net\/sv\/wp-json\/wp\/v2\/product_tag?post=59470"},{"taxonomy":"brand","embeddable":true,"href":"https:\/\/games.tactic.net\/sv\/wp-json\/wp\/v2\/brand?post=59470"},{"taxonomy":"target-group","embeddable":true,"href":"https:\/\/games.tactic.net\/sv\/wp-json\/wp\/v2\/target-group?post=59470"},{"taxonomy":"discontinued","embeddable":true,"href":"https:\/\/games.tactic.net\/sv\/wp-json\/wp\/v2\/discontinued?post=59470"}],"curies":[{"name":"wp","href":"https:\/\/api.w.org\/{rel}","templated":true}]}}