{"id":59469,"date":"2021-02-16T10:51:23","date_gmt":"2021-02-16T08:51:23","guid":{"rendered":"https:\/\/dev.tactic.net\/tuote\/r-scarrys-busytown\/"},"modified":"2022-02-09T13:46:14","modified_gmt":"2022-02-09T11:46:14","slug":"r-scarrys-busytown","status":"archive","type":"product","link":"https:\/\/games.tactic.net\/sv\/tuote\/r-scarrys-busytown\/","title":{"rendered":"R.Scarry\u00b4s Busytown"},"content":{"rendered":"<p>L\u00f6s sm\u00e5 enkla mysterier p\u00e5 en tv\u00e5 meter l\u00e5ng spelplan tilsammans med de \u00e4lskade figurerna i Richard Scarrys Sysselstad. Leta efter g\u00f6mda saker och k\u00f6r l\u00e4ngs med gatorna i Sysselstad och en bondg\u00e5rd full av aktiviteter. Det finns alltid n\u00e5got nytt att uppt\u00e4cka i Richard Scarrys koncentrationsf\u00f6rn\u00e5ga i detta f\u00f6rtjusande spel &#8211;  samtidigt som de har kul! <\/p>\n","protected":false},"excerpt":{"rendered":"<p>Sysselstad blir verklighet p\u00e5 en j\u00e4ttestor, f\u00e4rgglad spelplan!<\/p>\n","protected":false},"featured_media":0,"template":"","meta":{"content-type":"","_monsterinsights_skip_tracking":false,"_monsterinsights_sitenote_active":false,"_monsterinsights_sitenote_note":"","_monsterinsights_sitenote_category":0},"product_brand":[],"product_cat":[303],"product_tag":[],"brand":[],"target-group":[],"discontinued":[],"class_list":{"0":"post-59469","1":"product","2":"type-product","3":"status-archive","5":"product_cat-barnspel","7":"first","8":"outofstock","9":"taxable","10":"shipping-taxable","11":"product-type-simple"},"aioseo_notices":[],"_links":{"self":[{"href":"https:\/\/games.tactic.net\/sv\/wp-json\/wp\/v2\/product\/59469","targetHints":{"allow":["GET"]}}],"collection":[{"href":"https:\/\/games.tactic.net\/sv\/wp-json\/wp\/v2\/product"}],"about":[{"href":"https:\/\/games.tactic.net\/sv\/wp-json\/wp\/v2\/types\/product"}],"wp:attachment":[{"href":"https:\/\/games.tactic.net\/sv\/wp-json\/wp\/v2\/media?parent=59469"}],"wp:term":[{"taxonomy":"product_brand","embeddable":true,"href":"https:\/\/games.tactic.net\/sv\/wp-json\/wp\/v2\/product_brand?post=59469"},{"taxonomy":"product_cat","embeddable":true,"href":"https:\/\/games.tactic.net\/sv\/wp-json\/wp\/v2\/product_cat?post=59469"},{"taxonomy":"product_tag","embeddable":true,"href":"https:\/\/games.tactic.net\/sv\/wp-json\/wp\/v2\/product_tag?post=59469"},{"taxonomy":"brand","embeddable":true,"href":"https:\/\/games.tactic.net\/sv\/wp-json\/wp\/v2\/brand?post=59469"},{"taxonomy":"target-group","embeddable":true,"href":"https:\/\/games.tactic.net\/sv\/wp-json\/wp\/v2\/target-group?post=59469"},{"taxonomy":"discontinued","embeddable":true,"href":"https:\/\/games.tactic.net\/sv\/wp-json\/wp\/v2\/discontinued?post=59469"}],"curies":[{"name":"wp","href":"https:\/\/api.w.org\/{rel}","templated":true}]}}