{"id":59440,"date":"2021-02-16T10:51:19","date_gmt":"2021-02-16T08:51:19","guid":{"rendered":"https:\/\/dev.tactic.net\/tuote\/mitt-forsta-fragespel\/"},"modified":"2025-10-21T14:42:01","modified_gmt":"2025-10-21T11:42:01","slug":"mitt-forsta-fragespel","status":"archive","type":"product","link":"https:\/\/games.tactic.net\/sv\/tuote\/mitt-forsta-fragespel\/","title":{"rendered":"Tactic Mitt f\u00f6rsta fr\u00e5gespel"},"content":{"rendered":"<p>Ett fr\u00e5gespel f\u00f6r de yngsta medlemmarna i familjen! Hur m\u00e5nga m\u00e4nniskor finns det i det h\u00e4r rummet? R\u00e4kna upp tre djur som bor i skogen! Vad g\u00f6r pojken p\u00e5 bilden? H\u00e4r finns b\u00e5de \u00f6ppna-svar-fr\u00e5gor fr\u00e5n barnets egen v\u00e4rld och fr\u00e5gor med givna svar. Det h\u00e4r \u00e4r barnets allra f\u00f6rsta fr\u00e5gespel. Stora fr\u00e5gekort med h\u00e4rliga fotografiska bilder g\u00f6r spelet enklare att spela. De h\u00e4rliga djurkarakt\u00e4rerna som representerar de olika fr\u00e5gekategorierna engagerar barnet. Med en vuxen som agerar som den \u201dkloka ugglan\u201d uppmuntras kommunikationen mellan f\u00f6r\u00e4lder och barn.<\/p>\n","protected":false},"excerpt":{"rendered":"<p>Ett fr\u00e5gespel f\u00f6r de yngsta medlemmarna i familjen! Hur m\u00e5nga m\u00e4nniskor finns det i det h\u00e4r rummet? R\u00e4kna upp tre djur som bor i skogen! Vad g\u00f6r pojken p\u00e5 bilden? H\u00e4r finns b\u00e5de \u00f6ppna-svar-fr\u00e5gor fr\u00e5n barnets egen v\u00e4rld och fr\u00e5gor med givna svar.<\/p>\n","protected":false},"featured_media":0,"template":"","meta":{"content-type":"","_monsterinsights_skip_tracking":false,"_monsterinsights_sitenote_active":false,"_monsterinsights_sitenote_note":"","_monsterinsights_sitenote_category":0},"product_brand":[],"product_cat":[1462],"product_tag":[1254],"brand":[{"id":864,"name":"Let's Learn","slug":"letslearn-sv"}],"target-group":[],"discontinued":[],"class_list":{"0":"post-59440","1":"product","2":"type-product","3":"status-archive","5":"product_cat-bradspel-barnspel","6":"product_tag-pedagogisk-sv","7":"brand-letslearn-sv","9":"first","10":"outofstock","11":"taxable","12":"shipping-taxable","13":"product-type-simple"},"aioseo_notices":[],"_links":{"self":[{"href":"https:\/\/games.tactic.net\/sv\/wp-json\/wp\/v2\/product\/59440","targetHints":{"allow":["GET"]}}],"collection":[{"href":"https:\/\/games.tactic.net\/sv\/wp-json\/wp\/v2\/product"}],"about":[{"href":"https:\/\/games.tactic.net\/sv\/wp-json\/wp\/v2\/types\/product"}],"wp:attachment":[{"href":"https:\/\/games.tactic.net\/sv\/wp-json\/wp\/v2\/media?parent=59440"}],"wp:term":[{"taxonomy":"product_brand","embeddable":true,"href":"https:\/\/games.tactic.net\/sv\/wp-json\/wp\/v2\/product_brand?post=59440"},{"taxonomy":"product_cat","embeddable":true,"href":"https:\/\/games.tactic.net\/sv\/wp-json\/wp\/v2\/product_cat?post=59440"},{"taxonomy":"product_tag","embeddable":true,"href":"https:\/\/games.tactic.net\/sv\/wp-json\/wp\/v2\/product_tag?post=59440"},{"taxonomy":"brand","embeddable":true,"href":"https:\/\/games.tactic.net\/sv\/wp-json\/wp\/v2\/brand?post=59440"},{"taxonomy":"target-group","embeddable":true,"href":"https:\/\/games.tactic.net\/sv\/wp-json\/wp\/v2\/target-group?post=59440"},{"taxonomy":"discontinued","embeddable":true,"href":"https:\/\/games.tactic.net\/sv\/wp-json\/wp\/v2\/discontinued?post=59440"}],"curies":[{"name":"wp","href":"https:\/\/api.w.org\/{rel}","templated":true}]}}