{"id":59397,"date":"2021-02-16T10:51:10","date_gmt":"2021-02-16T08:51:10","guid":{"rendered":"https:\/\/dev.tactic.net\/tuote\/touche-2\/"},"modified":"2021-10-13T09:36:19","modified_gmt":"2021-10-13T06:36:19","slug":"touche-2","status":"archive","type":"product","link":"https:\/\/games.tactic.net\/sv\/tuote\/touche-2\/","title":{"rendered":"Touch\u00e9"},"content":{"rendered":"<p>Touch\u00e9 \u00e4r ett f\u00e4ngslande och roligt spel f\u00f6r hela familjen, d\u00e4r du har nytta av taktik och \u00e4ven en aning tur! M\u00e5let \u00e4r att g\u00f6ra olika slags f\u00f6rutbest\u00e4mda formationer, t ex en rad med fem p\u00e5 spelplanen. Kortet som spelas ut anger i vilken ruta mark\u00f6ren f\u00e5r placeras. N\u00e4r formationen \u00e4r f\u00e4rdig p\u00e5 spelplanen s\u00e4ger man \u201cTouch\u00e9!\u201d. Vinnaren \u00e4r den, som f\u00f6rst lyckas f\u00e5 ihop sina formationer. Touch\u00e9 kan spelas b\u00e5de individuellt eller i lag.<\/p>\n","protected":false},"excerpt":{"rendered":"<p>Spela dina kort r\u00e4tt och forma olika m\u00f6nster p\u00e5 spelplanen! F\u00f6rs\u00f6k att forma tre olika m\u00f6nster samtidigt som du g\u00f6r allt f\u00f6r att hindra motspelarens f\u00f6rs\u00f6k!<\/p>\n","protected":false},"featured_media":0,"template":"","meta":{"content-type":"","_monsterinsights_skip_tracking":false,"_monsterinsights_sitenote_active":false,"_monsterinsights_sitenote_note":"","_monsterinsights_sitenote_category":0},"product_brand":[],"product_cat":[365,772,683],"product_tag":[1235,1238],"brand":[],"target-group":[],"discontinued":[],"class_list":{"0":"post-59397","1":"product","2":"type-product","3":"status-archive","5":"product_cat-familjespel","6":"product_cat-strategispel","7":"product_cat-vuxenspel","8":"product_tag-kombinera-sv","9":"product_tag-strategi-sv","11":"first","12":"outofstock","13":"taxable","14":"shipping-taxable","15":"product-type-simple"},"aioseo_notices":[],"_links":{"self":[{"href":"https:\/\/games.tactic.net\/sv\/wp-json\/wp\/v2\/product\/59397","targetHints":{"allow":["GET"]}}],"collection":[{"href":"https:\/\/games.tactic.net\/sv\/wp-json\/wp\/v2\/product"}],"about":[{"href":"https:\/\/games.tactic.net\/sv\/wp-json\/wp\/v2\/types\/product"}],"wp:attachment":[{"href":"https:\/\/games.tactic.net\/sv\/wp-json\/wp\/v2\/media?parent=59397"}],"wp:term":[{"taxonomy":"product_brand","embeddable":true,"href":"https:\/\/games.tactic.net\/sv\/wp-json\/wp\/v2\/product_brand?post=59397"},{"taxonomy":"product_cat","embeddable":true,"href":"https:\/\/games.tactic.net\/sv\/wp-json\/wp\/v2\/product_cat?post=59397"},{"taxonomy":"product_tag","embeddable":true,"href":"https:\/\/games.tactic.net\/sv\/wp-json\/wp\/v2\/product_tag?post=59397"},{"taxonomy":"brand","embeddable":true,"href":"https:\/\/games.tactic.net\/sv\/wp-json\/wp\/v2\/brand?post=59397"},{"taxonomy":"target-group","embeddable":true,"href":"https:\/\/games.tactic.net\/sv\/wp-json\/wp\/v2\/target-group?post=59397"},{"taxonomy":"discontinued","embeddable":true,"href":"https:\/\/games.tactic.net\/sv\/wp-json\/wp\/v2\/discontinued?post=59397"}],"curies":[{"name":"wp","href":"https:\/\/api.w.org\/{rel}","templated":true}]}}