{"id":59396,"date":"2021-02-16T10:51:07","date_gmt":"2021-02-16T08:51:07","guid":{"rendered":"https:\/\/dev.tactic.net\/tuote\/rummy-resespel\/"},"modified":"2023-10-06T16:40:47","modified_gmt":"2023-10-06T13:40:47","slug":"rummy-resespel","status":"publish","type":"product","link":"https:\/\/games.tactic.net\/sv\/tuote\/rummy-resespel\/","title":{"rendered":"Tactic Rummy resespel"},"content":{"rendered":"<p>Det klassiska spelet i en praktisk reseversion. F\u00f6rs\u00f6k att g\u00f6ra dig av med alla dina kort genom att l\u00e4gga ut minst 3 kort av samma v\u00e4rde eller 3 kort i nummerf\u00f6ljd.<\/p>\n","protected":false},"excerpt":{"rendered":"<p>Det klassiska spelet i en praktisk reseversion. F\u00f6rs\u00f6k att g\u00f6ra dig av med alla dina kort genom att l\u00e4gga ut minst 3 kort av samma v\u00e4rde eller 3 kort i nummerf\u00f6ljd.<\/p>\n","protected":false},"featured_media":0,"template":"","meta":{"content-type":"","_monsterinsights_skip_tracking":false,"_monsterinsights_sitenote_active":false,"_monsterinsights_sitenote_note":"","_monsterinsights_sitenote_category":0},"product_brand":[],"product_cat":[2030,813],"product_tag":[1235,1238],"brand":[],"target-group":[],"discontinued":[],"class_list":{"0":"post-59396","1":"product","2":"type-product","3":"status-publish","5":"product_cat-resespel-vuxenspel","6":"product_cat-resespel","7":"product_tag-kombinera-sv","8":"product_tag-strategi-sv","10":"first","11":"instock","12":"taxable","13":"shipping-taxable","14":"product-type-simple"},"aioseo_notices":[],"_links":{"self":[{"href":"https:\/\/games.tactic.net\/sv\/wp-json\/wp\/v2\/product\/59396","targetHints":{"allow":["GET"]}}],"collection":[{"href":"https:\/\/games.tactic.net\/sv\/wp-json\/wp\/v2\/product"}],"about":[{"href":"https:\/\/games.tactic.net\/sv\/wp-json\/wp\/v2\/types\/product"}],"wp:attachment":[{"href":"https:\/\/games.tactic.net\/sv\/wp-json\/wp\/v2\/media?parent=59396"}],"wp:term":[{"taxonomy":"product_brand","embeddable":true,"href":"https:\/\/games.tactic.net\/sv\/wp-json\/wp\/v2\/product_brand?post=59396"},{"taxonomy":"product_cat","embeddable":true,"href":"https:\/\/games.tactic.net\/sv\/wp-json\/wp\/v2\/product_cat?post=59396"},{"taxonomy":"product_tag","embeddable":true,"href":"https:\/\/games.tactic.net\/sv\/wp-json\/wp\/v2\/product_tag?post=59396"},{"taxonomy":"brand","embeddable":true,"href":"https:\/\/games.tactic.net\/sv\/wp-json\/wp\/v2\/brand?post=59396"},{"taxonomy":"target-group","embeddable":true,"href":"https:\/\/games.tactic.net\/sv\/wp-json\/wp\/v2\/target-group?post=59396"},{"taxonomy":"discontinued","embeddable":true,"href":"https:\/\/games.tactic.net\/sv\/wp-json\/wp\/v2\/discontinued?post=59396"}],"curies":[{"name":"wp","href":"https:\/\/api.w.org\/{rel}","templated":true}]}}