{"id":59395,"date":"2021-02-16T10:51:04","date_gmt":"2021-02-16T08:51:04","guid":{"rendered":"https:\/\/dev.tactic.net\/tuote\/fragespelet-om-sverige-junior-resespel\/"},"modified":"2023-10-06T16:38:14","modified_gmt":"2023-10-06T13:38:14","slug":"fragespelet-om-sverige-junior-resespel","status":"publish","type":"product","link":"https:\/\/games.tactic.net\/sv\/tuote\/fragespelet-om-sverige-junior-resespel\/","title":{"rendered":"Tactic Fr\u00e5gespelet om Sverige Junior resespel"},"content":{"rendered":"<p>Ett roligt och underh\u00e5llande spel f\u00f6r barn som gillar fr\u00e5gesport &#8211; nu i beh\u00e4ndigt reseformat! Spelet inneh\u00e5ller fr\u00e5gor i sex olika kategorier : Musik och k\u00e4ndisar, Sport och spel, Popul\u00e4ra platser, Tv, radio, film och internet, Kul om djur samt Gott och Blandat. Svara p\u00e5 fr\u00e5gor, kryssa cirklarna p\u00e5 spelplanens pyramider, svara p\u00e5 bildfr\u00e5gan och bli f\u00f6rst med att svara r\u00e4tt p\u00e5 finalfr\u00e5gorna s\u00e5 du kan vinna spelet.<\/p>\n","protected":false},"excerpt":{"rendered":"<p>Ett roligt och underh\u00e5llande spel f\u00f6r barn som gillar fr\u00e5gesport &#8211; nu i beh\u00e4ndigt reseformat!<\/p>\n","protected":false},"featured_media":0,"template":"","meta":{"content-type":"","_monsterinsights_skip_tracking":false,"_monsterinsights_sitenote_active":false,"_monsterinsights_sitenote_note":"","_monsterinsights_sitenote_category":0},"product_brand":[],"product_cat":[1532],"product_tag":[849,1254],"brand":[],"target-group":[],"discontinued":[],"class_list":{"0":"post-59395","1":"product","2":"type-product","3":"status-publish","5":"product_cat-resespel-barnspel","6":"product_tag-kunskap","7":"product_tag-pedagogisk-sv","9":"first","10":"instock","11":"taxable","12":"shipping-taxable","13":"product-type-simple"},"aioseo_notices":[],"_links":{"self":[{"href":"https:\/\/games.tactic.net\/sv\/wp-json\/wp\/v2\/product\/59395","targetHints":{"allow":["GET"]}}],"collection":[{"href":"https:\/\/games.tactic.net\/sv\/wp-json\/wp\/v2\/product"}],"about":[{"href":"https:\/\/games.tactic.net\/sv\/wp-json\/wp\/v2\/types\/product"}],"wp:attachment":[{"href":"https:\/\/games.tactic.net\/sv\/wp-json\/wp\/v2\/media?parent=59395"}],"wp:term":[{"taxonomy":"product_brand","embeddable":true,"href":"https:\/\/games.tactic.net\/sv\/wp-json\/wp\/v2\/product_brand?post=59395"},{"taxonomy":"product_cat","embeddable":true,"href":"https:\/\/games.tactic.net\/sv\/wp-json\/wp\/v2\/product_cat?post=59395"},{"taxonomy":"product_tag","embeddable":true,"href":"https:\/\/games.tactic.net\/sv\/wp-json\/wp\/v2\/product_tag?post=59395"},{"taxonomy":"brand","embeddable":true,"href":"https:\/\/games.tactic.net\/sv\/wp-json\/wp\/v2\/brand?post=59395"},{"taxonomy":"target-group","embeddable":true,"href":"https:\/\/games.tactic.net\/sv\/wp-json\/wp\/v2\/target-group?post=59395"},{"taxonomy":"discontinued","embeddable":true,"href":"https:\/\/games.tactic.net\/sv\/wp-json\/wp\/v2\/discontinued?post=59395"}],"curies":[{"name":"wp","href":"https:\/\/api.w.org\/{rel}","templated":true}]}}