{"id":59341,"date":"2021-02-16T10:50:31","date_gmt":"2021-02-16T08:50:31","guid":{"rendered":"https:\/\/dev.tactic.net\/tuote\/kakor-pysselbok-med-stickers\/"},"modified":"2023-10-06T16:26:34","modified_gmt":"2023-10-06T13:26:34","slug":"kakor-pysselbok-med-stickers","status":"publish","type":"product","link":"https:\/\/games.tactic.net\/sv\/tuote\/kakor-pysselbok-med-stickers\/","title":{"rendered":"Tactic Kakor pysselbok med stickers"},"content":{"rendered":"<p>En riktigt cool pysselbok med fina klisterm\u00e4rken! F\u00f6delsedagst\u00e5rtor, mar\u00e4nger, chokladkakor, h\u00e4ftiga cupcakes \u2026 I den h\u00e4r fina, smaskiga pysselboken hittar du m\u00e5nga underbara och s\u00f6ta bakverk som du kan dekorera och f\u00e4rgl\u00e4gga precis hur du vill. Det \u00e4r bara att sl\u00e4ppa loss fantasin och kreativiteten!<\/p>\n","protected":false},"excerpt":{"rendered":"<p>En riktigt cool pysselbok med fina klisterm\u00e4rken! F\u00f6delsedagst\u00e5rtor, mar\u00e4nger, chokladkakor, h\u00e4ftiga cupcakes \u2026 I den h\u00e4r fina, smaskiga pysselboken hittar du m\u00e5nga underbara och s\u00f6ta bakverk som du kan dekorera och f\u00e4rgl\u00e4gga precis hur du vill. Det \u00e4r bara att sl\u00e4ppa loss fantasin och kreativiteten!<\/p>\n","protected":false},"featured_media":0,"template":"","meta":{"content-type":"","_monsterinsights_skip_tracking":false,"_monsterinsights_sitenote_active":false,"_monsterinsights_sitenote_note":"","_monsterinsights_sitenote_category":0},"product_brand":[],"product_cat":[1531],"product_tag":[],"brand":[],"target-group":[],"discontinued":[],"class_list":{"0":"post-59341","1":"product","2":"type-product","3":"status-publish","5":"product_cat-pysselbok-med-klistermarken","7":"first","8":"outofstock","9":"taxable","10":"shipping-taxable","11":"product-type-simple"},"aioseo_notices":[],"_links":{"self":[{"href":"https:\/\/games.tactic.net\/sv\/wp-json\/wp\/v2\/product\/59341","targetHints":{"allow":["GET"]}}],"collection":[{"href":"https:\/\/games.tactic.net\/sv\/wp-json\/wp\/v2\/product"}],"about":[{"href":"https:\/\/games.tactic.net\/sv\/wp-json\/wp\/v2\/types\/product"}],"wp:attachment":[{"href":"https:\/\/games.tactic.net\/sv\/wp-json\/wp\/v2\/media?parent=59341"}],"wp:term":[{"taxonomy":"product_brand","embeddable":true,"href":"https:\/\/games.tactic.net\/sv\/wp-json\/wp\/v2\/product_brand?post=59341"},{"taxonomy":"product_cat","embeddable":true,"href":"https:\/\/games.tactic.net\/sv\/wp-json\/wp\/v2\/product_cat?post=59341"},{"taxonomy":"product_tag","embeddable":true,"href":"https:\/\/games.tactic.net\/sv\/wp-json\/wp\/v2\/product_tag?post=59341"},{"taxonomy":"brand","embeddable":true,"href":"https:\/\/games.tactic.net\/sv\/wp-json\/wp\/v2\/brand?post=59341"},{"taxonomy":"target-group","embeddable":true,"href":"https:\/\/games.tactic.net\/sv\/wp-json\/wp\/v2\/target-group?post=59341"},{"taxonomy":"discontinued","embeddable":true,"href":"https:\/\/games.tactic.net\/sv\/wp-json\/wp\/v2\/discontinued?post=59341"}],"curies":[{"name":"wp","href":"https:\/\/api.w.org\/{rel}","templated":true}]}}