{"id":59227,"date":"2021-02-16T10:50:21","date_gmt":"2021-02-16T08:50:21","guid":{"rendered":"https:\/\/dev.tactic.net\/tuote\/lumo-stars-malarbok\/"},"modified":"2023-10-23T11:26:23","modified_gmt":"2023-10-23T08:26:23","slug":"lumo-stars-malarbok","status":"publish","type":"product","link":"https:\/\/games.tactic.net\/sv\/tuote\/lumo-stars-malarbok\/","title":{"rendered":"Lumo Stars m\u00e5larbok"},"content":{"rendered":"<p>48 sidor med massor av s\u00f6ta bilder att m\u00e5la p\u00e5 barnens alla favoritmjukdjur fr\u00e5n Lumo Stars!<br \/>\nI samma serie: m\u00e5larbok, pysselbok och pysselbok med klisterm\u00e4rken.<\/p>\n","protected":false},"excerpt":{"rendered":"<p>48 sidor med massor av s\u00f6ta bilder att m\u00e5la p\u00e5 barnens alla favoritmjukdjur fr\u00e5n Lumo Stars!<\/p>\n","protected":false},"featured_media":0,"template":"","meta":{"content-type":"","_monsterinsights_skip_tracking":false,"_monsterinsights_sitenote_active":false,"_monsterinsights_sitenote_note":"","_monsterinsights_sitenote_category":0},"product_brand":[],"product_cat":[1529],"product_tag":[],"brand":[{"id":1018,"name":"Lumo Stars","slug":"lumo-stars-13"}],"target-group":[],"discontinued":[],"class_list":{"0":"post-59227","1":"product","2":"type-product","3":"status-publish","5":"product_cat-malarbocker-malar-och-pysselbocker","6":"brand-lumo-stars-13","8":"first","9":"instock","10":"taxable","11":"shipping-taxable","12":"product-type-simple"},"aioseo_notices":[],"_links":{"self":[{"href":"https:\/\/games.tactic.net\/sv\/wp-json\/wp\/v2\/product\/59227","targetHints":{"allow":["GET"]}}],"collection":[{"href":"https:\/\/games.tactic.net\/sv\/wp-json\/wp\/v2\/product"}],"about":[{"href":"https:\/\/games.tactic.net\/sv\/wp-json\/wp\/v2\/types\/product"}],"wp:attachment":[{"href":"https:\/\/games.tactic.net\/sv\/wp-json\/wp\/v2\/media?parent=59227"}],"wp:term":[{"taxonomy":"product_brand","embeddable":true,"href":"https:\/\/games.tactic.net\/sv\/wp-json\/wp\/v2\/product_brand?post=59227"},{"taxonomy":"product_cat","embeddable":true,"href":"https:\/\/games.tactic.net\/sv\/wp-json\/wp\/v2\/product_cat?post=59227"},{"taxonomy":"product_tag","embeddable":true,"href":"https:\/\/games.tactic.net\/sv\/wp-json\/wp\/v2\/product_tag?post=59227"},{"taxonomy":"brand","embeddable":true,"href":"https:\/\/games.tactic.net\/sv\/wp-json\/wp\/v2\/brand?post=59227"},{"taxonomy":"target-group","embeddable":true,"href":"https:\/\/games.tactic.net\/sv\/wp-json\/wp\/v2\/target-group?post=59227"},{"taxonomy":"discontinued","embeddable":true,"href":"https:\/\/games.tactic.net\/sv\/wp-json\/wp\/v2\/discontinued?post=59227"}],"curies":[{"name":"wp","href":"https:\/\/api.w.org\/{rel}","templated":true}]}}