{"id":59184,"date":"2021-02-16T10:50:17","date_gmt":"2021-02-16T08:50:17","guid":{"rendered":"https:\/\/dev.tactic.net\/tuote\/kakor-och-bakelser-malarbok\/"},"modified":"2023-10-06T16:10:26","modified_gmt":"2023-10-06T13:10:26","slug":"kakor-och-bakelser-malarbok","status":"publish","type":"product","link":"https:\/\/games.tactic.net\/sv\/tuote\/kakor-och-bakelser-malarbok\/","title":{"rendered":"Tactic Kakor och bakelser m\u00e5larbok"},"content":{"rendered":"<p>Gulliga cupcakes, s\u00f6ta sm\u00e5kakor, lyxiga t\u00e5rtor &#8230; den h\u00e4r m\u00e5larboken \u00e4r full av smaskiga skapelser! F\u00e4rgl\u00e4gg alla de olika kakorna och bakelserna i l\u00e4ckra f\u00e4rger!<br \/>\nI samma serie: pysselbok med klisterm\u00e4rken.<\/p>\n","protected":false},"excerpt":{"rendered":"<p>Gulliga cupcakes, s\u00f6ta sm\u00e5kakor, lyxiga t\u00e5rtor &#8230;<\/p>\n","protected":false},"featured_media":0,"template":"","meta":{"content-type":"","_monsterinsights_skip_tracking":false,"_monsterinsights_sitenote_active":false,"_monsterinsights_sitenote_note":"","_monsterinsights_sitenote_category":0},"product_brand":[],"product_cat":[1529],"product_tag":[],"brand":[],"target-group":[],"discontinued":[],"class_list":{"0":"post-59184","1":"product","2":"type-product","3":"status-publish","5":"product_cat-malarbocker-malar-och-pysselbocker","7":"first","8":"instock","9":"taxable","10":"shipping-taxable","11":"product-type-simple"},"aioseo_notices":[],"_links":{"self":[{"href":"https:\/\/games.tactic.net\/sv\/wp-json\/wp\/v2\/product\/59184","targetHints":{"allow":["GET"]}}],"collection":[{"href":"https:\/\/games.tactic.net\/sv\/wp-json\/wp\/v2\/product"}],"about":[{"href":"https:\/\/games.tactic.net\/sv\/wp-json\/wp\/v2\/types\/product"}],"wp:attachment":[{"href":"https:\/\/games.tactic.net\/sv\/wp-json\/wp\/v2\/media?parent=59184"}],"wp:term":[{"taxonomy":"product_brand","embeddable":true,"href":"https:\/\/games.tactic.net\/sv\/wp-json\/wp\/v2\/product_brand?post=59184"},{"taxonomy":"product_cat","embeddable":true,"href":"https:\/\/games.tactic.net\/sv\/wp-json\/wp\/v2\/product_cat?post=59184"},{"taxonomy":"product_tag","embeddable":true,"href":"https:\/\/games.tactic.net\/sv\/wp-json\/wp\/v2\/product_tag?post=59184"},{"taxonomy":"brand","embeddable":true,"href":"https:\/\/games.tactic.net\/sv\/wp-json\/wp\/v2\/brand?post=59184"},{"taxonomy":"target-group","embeddable":true,"href":"https:\/\/games.tactic.net\/sv\/wp-json\/wp\/v2\/target-group?post=59184"},{"taxonomy":"discontinued","embeddable":true,"href":"https:\/\/games.tactic.net\/sv\/wp-json\/wp\/v2\/discontinued?post=59184"}],"curies":[{"name":"wp","href":"https:\/\/api.w.org\/{rel}","templated":true}]}}